{"id":37,"date":"2016-04-25T19:10:33","date_gmt":"2016-04-25T19:10:33","guid":{"rendered":"http:\/\/www.grupomananes.com\/wp\/?page_id=37"},"modified":"2020-11-23T19:14:40","modified_gmt":"2020-11-23T19:14:40","slug":"inicio","status":"publish","type":"page","link":"https:\/\/www.grupomananes.com\/hosteleria\/","title":{"rendered":"Inicio"},"content":{"rendered":"<p>[et_pb_section fb_built=\u00bb1&#8243; fullwidth=\u00bbon\u00bb _builder_version=\u00bb3.22&#8243;][et_pb_fullwidth_code]<div class=\"slider-wrapper theme-default\"><div class=\"ribbon\"><\/div><div id=\"nivoslider-UJJuX-1925\" class=\"nivoSlider\"><img decoding=\"async\" src=\"https:\/\/www.grupomananes.com\/hosteleria\/wp-content\/uploads\/2018\/05\/grupo-mananes-hosteleria-y-limpieza-3.jpg\" alt=\"\" \/><img decoding=\"async\" src=\"https:\/\/www.grupomananes.com\/hosteleria\/wp-content\/uploads\/2018\/05\/grupo-mananes-hosteleria-y-limpieza-4.jpg\" alt=\"\" \/><img decoding=\"async\" src=\"https:\/\/www.grupomananes.com\/hosteleria\/wp-content\/uploads\/2018\/05\/grupo-mananes-hosteleria-y-limpieza-2.jpg\" alt=\"\" \/><img decoding=\"async\" src=\"https:\/\/www.grupomananes.com\/hosteleria\/wp-content\/uploads\/2018\/05\/grupo-mananes-hosteleria-y-limpieza-6.jpg\" alt=\"\" \/><img decoding=\"async\" src=\"https:\/\/www.grupomananes.com\/hosteleria\/wp-content\/uploads\/2018\/05\/grupo-mananes-hosteleria-y-limpieza-1.jpg\" alt=\"\" \/><img decoding=\"async\" src=\"https:\/\/www.grupomananes.com\/hosteleria\/wp-content\/uploads\/2018\/05\/grupo-mananes-hosteleria-y-limpieza-5.jpg\" alt=\"\" \/><\/div><\/div><script type=\"text\/javascript\">\nwindow.onload = function(){\n    jQuery(\"#nivoslider-UJJuX-1925\").nivoSlider({\n        effect:\"fade\",\n        slices:15,\n        boxCols:8,\n        boxRows:4,\n        animSpeed:500,\n        pauseTime:3000,\n        startSlide:0,\n        directionNav:true,\n        controlNav:false,\n        controlNavThumbs:false,\n        pauseOnHover:true,\n        manualAdvance:false\n    });\n};\n<\/script>\n[\/et_pb_fullwidth_code][\/et_pb_section][et_pb_section fb_built=\u00bb1&#8243; custom_padding_last_edited=\u00bbon|desktop\u00bb admin_label=\u00bbsection\u00bb _builder_version=\u00bb3.22&#8243; custom_padding=\u00bb25px|0px|0px|0px\u00bb custom_padding_tablet=\u00bb0px|0|50px|0&#8243; custom_padding_phone=\u00bb0px||26px||false|false\u00bb transparent_background=\u00bboff\u00bb][et_pb_row column_padding_mobile=\u00bbon\u00bb custom_padding_last_edited=\u00bboff|desktop\u00bb admin_label=\u00bbrow\u00bb _builder_version=\u00bb3.25&#8243; background_size=\u00bbinitial\u00bb background_position=\u00bbtop_left\u00bb background_repeat=\u00bbrepeat\u00bb custom_padding=\u00bb30px|0px|11px|0px|false|false\u00bb custom_padding_tablet=\u00bb10px|||\u00bb custom_padding_phone=\u00bb|||\u00bb][et_pb_column type=\u00bb4_4&#8243; _builder_version=\u00bb3.25&#8243; custom_padding=\u00bb|||\u00bb custom_padding__hover=\u00bb|||\u00bb][et_pb_text _builder_version=\u00bb3.27.4&#8243; text_font=\u00bbAdvent Pro||||||||\u00bb text_font_size=\u00bb30px\u00bb header_font_size=\u00bb92px\u00bb background_size=\u00bbinitial\u00bb background_position=\u00bbtop_left\u00bb background_repeat=\u00bbrepeat\u00bb custom_margin=\u00bb5%|||\u00bb custom_padding=\u00bb||30px|\u00bb custom_padding_tablet=\u00bb\u00bb custom_padding_phone=\u00bb\u00bb custom_padding_last_edited=\u00bbon|phone\u00bb text_font_size_tablet=\u00bb40px\u00bb text_font_size_phone=\u00bb\u00bb text_font_size_last_edited=\u00bbon|tablet\u00bb inline_fonts=\u00bbAbel,Roboto Light\u00bb]<\/p>\n<p style=\"text-align: center;\"><span style=\"font-size: xx-large; color: #c49c0d;\">Ma\u00f1anes Hosteler\u00eda &amp; Limpieza<\/span><\/p>\n<p>[\/et_pb_text][et_pb_text _builder_version=\u00bb4.5.6&#8243; background_size=\u00bbinitial\u00bb background_position=\u00bbtop_left\u00bb background_repeat=\u00bbrepeat\u00bb text_font_size_tablet=\u00bb\u00bb text_font_size_phone=\u00bb16px\u00bb text_font_size_last_edited=\u00bbon|phone\u00bb]<\/p>\n<p style=\"text-align: left;\">En el a\u00f1o 1992 Ma\u00f1anes da sus primeros pasos dentro del sector de la hosteler\u00eda y la limpieza profesional diversificando as\u00ed el n\u00facleo principal de negocio hacia un nuevo sector en expansi\u00f3n y con una fuerte necesidad de especializaci\u00f3n. Motivo por el que en el a\u00f1o 2000 surge Ma\u00f1anes Hosteler\u00eda &amp; Limpieza con instalaciones y personal propio, aunque perteneciente al Grupo Ma\u00f1anes, ofreciendo sus servicios para cubrir todas las necesidades que se pueden presentar dentro del sector de la hosteler\u00eda y de la limpieza profesional.<\/p>\n<p>Hoy en d\u00eda Ma\u00f1anes Hosteler\u00eda &amp; Limpieza cuenta con 800 m2 de instalaciones, de los cuales, 400 m2 est\u00e1n dedicados a exposici\u00f3n distribuidos en dos plantas y otros 400 m2 a almacenaje con unas dos mil referencias en stock. Disponemos de 4 veh\u00edculos a disposici\u00f3n de nuestros comerciales y personal de reparto para satisfacer las necesidades de nuestros clientes en las provincias de Zamora y Le\u00f3n principalmente y otras localidades pr\u00f3ximas a nuestro campo de acci\u00f3n.<\/p>\n<p>Nuestros a\u00f1os de experiencia en el sector avalan nuestro servicio siendo recompensado con la satisfacci\u00f3n de los mejores profesionales de la zona.<br \/>\n[\/et_pb_text][\/et_pb_column][\/et_pb_row][\/et_pb_section][et_pb_section fb_built=\u00bb1&#8243; custom_padding_last_edited=\u00bbon|phone\u00bb admin_label=\u00bbsection\u00bb _builder_version=\u00bb3.22&#8243; custom_margin_tablet=\u00bb\u00bb custom_margin_phone=\u00bb\u00bb custom_margin_last_edited=\u00bbon|desktop\u00bb custom_padding_tablet=\u00bb|||0px\u00bb custom_padding_phone=\u00bb\u00bb transparent_background=\u00bboff\u00bb][et_pb_row column_structure=\u00bb1_3,1_3,1_3&#8243; column_padding_mobile=\u00bbon\u00bb admin_label=\u00bbrow\u00bb _builder_version=\u00bb3.25&#8243; background_size=\u00bbinitial\u00bb background_position=\u00bbtop_left\u00bb background_repeat=\u00bbrepeat\u00bb module_alignment=\u00bbcenter\u00bb custom_width_percent=\u00bb90%\u00bb][et_pb_column type=\u00bb1_3&#8243; _builder_version=\u00bb3.25&#8243; custom_padding=\u00bb|||\u00bb custom_padding__hover=\u00bb|||\u00bb][et_pb_image src=\u00bbhttp:\/\/www.grupomananes.com\/hosteleria\/wp-content\/uploads\/2018\/05\/servicio-domicilio350.png\u00bb align_tablet=\u00bbcenter\u00bb align_phone=\u00bb\u00bb align_last_edited=\u00bbon|desktop\u00bb _builder_version=\u00bb3.23&#8243; animation_direction=\u00bbleft\u00bb border_radii=\u00bbon|2px|2px|2px|2px\u00bb border_width_all=\u00bb1px\u00bb border_color_all=\u00bb#c59c0e\u00bb sticky=\u00bboff\u00bb]&nbsp;<br \/>\n[\/et_pb_image][et_pb_text _builder_version=\u00bb4.5.6&#8243; text_font=\u00bbAdvent Pro||||||||\u00bb text_font_size=\u00bb16px\u00bb header_font=\u00bbAdvent Pro||||||||\u00bb background_size=\u00bbinitial\u00bb background_position=\u00bbtop_left\u00bb background_repeat=\u00bbrepeat\u00bb text_orientation=\u00bbcenter\u00bb custom_margin=\u00bb10px|30px||\u00bb text_font_size_tablet=\u00bb\u00bb text_font_size_phone=\u00bb18px\u00bb text_font_size_last_edited=\u00bbon|phone\u00bb]<\/p>\n<h2 style=\"text-align: center;\"><span style=\"vertical-align: inherit;\"><span style=\"vertical-align: inherit;\">Entrega a domicilio<\/span><\/span><\/h2>\n<p style=\"text-align: center;\"><span style=\"vertical-align: inherit;\"><span style=\"vertical-align: inherit;\">Supeditado a Horarios y Rutas Establecidas<\/span><\/span><\/p>\n<p>[\/et_pb_text][\/et_pb_column][et_pb_column type=\u00bb1_3&#8243; _builder_version=\u00bb3.25&#8243; custom_padding=\u00bb|||\u00bb custom_padding__hover=\u00bb|||\u00bb][et_pb_image src=\u00bbhttp:\/\/www.grupomananes.com\/hosteleria\/wp-content\/uploads\/2020\/08\/Proquimia.jpg\u00bb title_text=\u00bbProquimia\u00bb align_tablet=\u00bbcenter\u00bb align_phone=\u00bb\u00bb align_last_edited=\u00bbon|desktop\u00bb _builder_version=\u00bb4.5.6&#8243; border_radii=\u00bbon|2px|2px|2px|2px\u00bb border_color_all=\u00bb#c59c0e\u00bb][\/et_pb_image][et_pb_text _builder_version=\u00bb4.5.6&#8243; text_font=\u00bbAdvent Pro||||||||\u00bb text_font_size=\u00bb16px\u00bb background_size=\u00bbinitial\u00bb background_position=\u00bbtop_left\u00bb background_repeat=\u00bbrepeat\u00bb text_orientation=\u00bbcenter\u00bb custom_margin=\u00bb10px|30px||\u00bb text_font_size_tablet=\u00bb\u00bb text_font_size_phone=\u00bb18px\u00bb text_font_size_last_edited=\u00bbon|phone\u00bb]<\/p>\n<h2 style=\"text-align: center;\">Lavanderia Profesional<\/h2>\n<p style=\"text-align: center;\">Solicite prueba gratuita<\/p>\n<p style=\"text-align: center;\"><a href=\"https:\/\/www.youtube.com\/watch?v=4Do76sEvoM8&amp;feature=youtu.be\" target=\"_blank\" rel=\"noopener noreferrer\">Ver v\u00eddeo explicativo<\/a><\/p>\n<p style=\"text-align: center;\"><a href=\"http:\/\/www.grupomananes.com\/hosteleria\/wp-content\/uploads\/2020\/08\/Ecoconpack-Lavanderia.pdf\" target=\"_blank\" rel=\"noopener noreferrer\">Ver Catalogo Ecoconpack Lavander\u00eda<\/a><\/p>\n<p>[\/et_pb_text][\/et_pb_column][et_pb_column type=\u00bb1_3&#8243; _builder_version=\u00bb3.25&#8243; custom_padding=\u00bb|||\u00bb custom_padding__hover=\u00bb|||\u00bb][et_pb_image src=\u00bbhttp:\/\/www.grupomananes.com\/hosteleria\/wp-content\/uploads\/2018\/05\/logo-papeleria.png\u00bb url=\u00bbhttps:\/\/www.grupomananes.com\/libreria\u00bb align_tablet=\u00bbcenter\u00bb align_phone=\u00bb\u00bb align_last_edited=\u00bbon|desktop\u00bb _builder_version=\u00bb3.23&#8243; border_radii=\u00bbon|2px|2px|2px|2px\u00bb border_width_all=\u00bb1px\u00bb border_color_all=\u00bb#c59c0e\u00bb][\/et_pb_image][et_pb_text _builder_version=\u00bb4.5.6&#8243; text_font=\u00bbAdvent Pro||||||||\u00bb text_font_size=\u00bb16px\u00bb background_size=\u00bbinitial\u00bb background_position=\u00bbtop_left\u00bb background_repeat=\u00bbrepeat\u00bb text_orientation=\u00bbcenter\u00bb custom_margin=\u00bb10px|30px||\u00bb text_font_size_tablet=\u00bb\u00bb text_font_size_phone=\u00bb18px\u00bb text_font_size_last_edited=\u00bbon|phone\u00bb]<\/p>\n<h2 style=\"text-align: center;\">Visite nuestra web<\/h2>\n<p style=\"text-align: center;\">Libreria Ma\u00f1anes<\/p>\n<p>[\/et_pb_text][\/et_pb_column][\/et_pb_row][\/et_pb_section]<\/p>\n","protected":false},"excerpt":{"rendered":"<p><div class=\"slider-wrapper theme-default\"><div class=\"ribbon\"><\/div><div id=\"nivoslider-5DoBR-1925\" class=\"nivoSlider\"><img decoding=\"async\" src=\"https:\/\/www.grupomananes.com\/hosteleria\/wp-content\/uploads\/2018\/05\/grupo-mananes-hosteleria-y-limpieza-3.jpg\" alt=\"\" \/><img decoding=\"async\" src=\"https:\/\/www.grupomananes.com\/hosteleria\/wp-content\/uploads\/2018\/05\/grupo-mananes-hosteleria-y-limpieza-4.jpg\" alt=\"\" \/><img decoding=\"async\" src=\"https:\/\/www.grupomananes.com\/hosteleria\/wp-content\/uploads\/2018\/05\/grupo-mananes-hosteleria-y-limpieza-2.jpg\" alt=\"\" \/><img decoding=\"async\" src=\"https:\/\/www.grupomananes.com\/hosteleria\/wp-content\/uploads\/2018\/05\/grupo-mananes-hosteleria-y-limpieza-6.jpg\" alt=\"\" \/><img decoding=\"async\" src=\"https:\/\/www.grupomananes.com\/hosteleria\/wp-content\/uploads\/2018\/05\/grupo-mananes-hosteleria-y-limpieza-1.jpg\" alt=\"\" \/><img decoding=\"async\" src=\"https:\/\/www.grupomananes.com\/hosteleria\/wp-content\/uploads\/2018\/05\/grupo-mananes-hosteleria-y-limpieza-5.jpg\" alt=\"\" \/><\/div><\/div><script type=\"text\/javascript\">\nwindow.onload = function(){\n    jQuery(\"#nivoslider-5DoBR-1925\").nivoSlider({\n        effect:\"fade\",\n        slices:15,\n        boxCols:8,\n        boxRows:4,\n        animSpeed:500,\n        pauseTime:3000,\n        startSlide:0,\n        directionNav:true,\n        controlNav:false,\n        controlNavThumbs:false,\n        pauseOnHover:true,\n        manualAdvance:false\n    });\n};\n<\/script>\nMa\u00f1anes Hosteler\u00eda &amp; Limpieza En el a\u00f1o 1992 Ma\u00f1anes da sus primeros pasos dentro del sector de la hosteler\u00eda y la limpieza profesional diversificando as\u00ed el n\u00facleo principal de negocio hacia un nuevo sector en expansi\u00f3n y con una fuerte necesidad de especializaci\u00f3n. Motivo por el que en el a\u00f1o 2000 surge Ma\u00f1anes Hosteler\u00eda [&hellip;]<\/p>\n","protected":false},"author":1,"featured_media":0,"parent":0,"menu_order":0,"comment_status":"closed","ping_status":"closed","template":"","meta":{"_et_pb_use_builder":"on","_et_pb_old_content":"","_et_gb_content_width":"","footnotes":""},"class_list":["post-37","page","type-page","status-publish","hentry"],"_links":{"self":[{"href":"https:\/\/www.grupomananes.com\/hosteleria\/wp-json\/wp\/v2\/pages\/37","targetHints":{"allow":["GET"]}}],"collection":[{"href":"https:\/\/www.grupomananes.com\/hosteleria\/wp-json\/wp\/v2\/pages"}],"about":[{"href":"https:\/\/www.grupomananes.com\/hosteleria\/wp-json\/wp\/v2\/types\/page"}],"author":[{"embeddable":true,"href":"https:\/\/www.grupomananes.com\/hosteleria\/wp-json\/wp\/v2\/users\/1"}],"replies":[{"embeddable":true,"href":"https:\/\/www.grupomananes.com\/hosteleria\/wp-json\/wp\/v2\/comments?post=37"}],"version-history":[{"count":0,"href":"https:\/\/www.grupomananes.com\/hosteleria\/wp-json\/wp\/v2\/pages\/37\/revisions"}],"wp:attachment":[{"href":"https:\/\/www.grupomananes.com\/hosteleria\/wp-json\/wp\/v2\/media?parent=37"}],"curies":[{"name":"wp","href":"https:\/\/api.w.org\/{rel}","templated":true}]}}