{"id":73,"date":"2016-04-25T20:10:43","date_gmt":"2016-04-25T20:10:43","guid":{"rendered":"http:\/\/www.grupomananes.com\/wp\/?page_id=73"},"modified":"2020-08-25T12:18:10","modified_gmt":"2020-08-25T12:18:10","slug":"productos","status":"publish","type":"page","link":"https:\/\/www.grupomananes.com\/hosteleria\/productos\/","title":{"rendered":"Productos"},"content":{"rendered":"<p>[et_pb_section fb_built=\u00bb1&#8243; _builder_version=\u00bb3.22&#8243; custom_padding=\u00bb45px|0px|45.9233px|0px|false|false\u00bb][et_pb_row _builder_version=\u00bb3.25&#8243; background_size=\u00bbinitial\u00bb background_position=\u00bbtop_left\u00bb background_repeat=\u00bbrepeat\u00bb][et_pb_column type=\u00bb4_4&#8243; _builder_version=\u00bb3.25&#8243; custom_padding=\u00bb|||\u00bb custom_padding__hover=\u00bb|||\u00bb][et_pb_text _builder_version=\u00bb3.27.4&#8243; text_font=\u00bbAdvent Pro||||||||\u00bb text_font_size=\u00bb30px\u00bb text_font_size_tablet=\u00bb40px\u00bb text_font_size_phone=\u00bb\u00bb text_font_size_last_edited=\u00bbon|desktop\u00bb]<span style=\"color: #c59c0e;\">Productos<\/span><br \/>\n[\/et_pb_text][\/et_pb_column][\/et_pb_row][et_pb_row use_custom_gutter=\u00bbon\u00bb gutter_width=\u00bb2&#8243; _builder_version=\u00bb3.25&#8243;][et_pb_column type=\u00bb4_4&#8243; _builder_version=\u00bb3.25&#8243; custom_padding=\u00bb|||\u00bb custom_padding__hover=\u00bb|||\u00bb][et_pb_gallery gallery_ids=\u00bb1593,1599,1624,1627,1592,1622,1619,1618,1620,1629,1630,1631,1598,1604,1603,1594,1587,1596,1633,1616,1632,1606,1608,1607,1609,1590,1625,1591,1583,1580,1617,1582,1581,1584,1585,1589,1612,1613,1611,1601,1600,1597,1626,1595,1610,1602,1605,1615,1621,1623,1628,2467,2465,2466,2468,2469&#8243; db_image_max_width_tablet=\u00bb51&#8243; db_image_max_height_tablet=\u00bb501&#8243; db_image_row_spacing_tablet=\u00bb51&#8243; db_image_center_titles=\u00bbleft\u00bb db_image_object_fit=\u00bbinitial\u00bb dbdb_version=\u00bb3.2.8&#8243; show_title_and_caption=\u00bboff\u00bb zoom_icon_color=\u00bb#2ea3f2&#8243; _builder_version=\u00bb4.5.6&#8243; hover_enabled=\u00bb0&#8243; border_radii_image=\u00bbon|3px|3px|3px|3px\u00bb border_width_all_image=\u00bb1px\u00bb border_color_all_image=\u00bb#c59c0e\u00bb box_shadow_style_image=\u00bbpreset1&#8243;]&nbsp;<br \/>\n[\/et_pb_gallery][\/et_pb_column][\/et_pb_row][et_pb_row column_structure=\u00bb1_4,1_4,1_4,1_4&#8243; use_custom_gutter=\u00bbon\u00bb gutter_width=\u00bb1&#8243; _builder_version=\u00bb3.25&#8243; background_size=\u00bbinitial\u00bb background_position=\u00bbtop_left\u00bb background_repeat=\u00bbrepeat\u00bb][et_pb_column type=\u00bb1_4&#8243; _builder_version=\u00bb3.25&#8243; custom_padding=\u00bb|||\u00bb custom_padding__hover=\u00bb|||\u00bb][et_pb_text _builder_version=\u00bb4.5.6&#8243; custom_margin_tablet=\u00bb\u00bb custom_margin_phone=\u00bb\u00bb custom_margin_last_edited=\u00bbon|desktop\u00bb custom_padding=\u00bb2px|||\u00bb text_font_size_tablet=\u00bb\u00bb text_font_size_phone=\u00bb16px\u00bb text_font_size_last_edited=\u00bbon|phone\u00bb]<\/p>\n<ul>\n<li>Productos de limpieza e higiene<\/li>\n<li>Vajilla<\/li>\n<li>Cristaler\u00eda<\/li>\n<li>Cuberter\u00eda<\/li>\n<li>Menaje de Cocina<\/li>\n<\/ul>\n<p>[\/et_pb_text][\/et_pb_column][et_pb_column type=\u00bb1_4&#8243; _builder_version=\u00bb3.25&#8243; custom_padding=\u00bb|||\u00bb custom_padding__hover=\u00bb|||\u00bb][et_pb_text _builder_version=\u00bb4.5.6&#8243; custom_padding=\u00bb2px|||\u00bb text_font_size_tablet=\u00bb\u00bb text_font_size_phone=\u00bb16px\u00bb text_font_size_last_edited=\u00bbon|phone\u00bb]<\/p>\n<ul>\n<li>Maquinaria<\/li>\n<li>Mobiliario<\/li>\n<li>Celulosa<\/li>\n<li>Qu\u00edmicos<\/li>\n<li>Un solo uso (desechables)<\/li>\n<\/ul>\n<p>[\/et_pb_text][\/et_pb_column][et_pb_column type=\u00bb1_4&#8243; _builder_version=\u00bb3.25&#8243; custom_padding=\u00bb|||\u00bb custom_padding__hover=\u00bb|||\u00bb][et_pb_text _builder_version=\u00bb4.5.6&#8243; custom_padding=\u00bb2px|||\u00bb text_font_size_tablet=\u00bb\u00bb text_font_size_phone=\u00bb16px\u00bb text_font_size_last_edited=\u00bbon|phone\u00bb]<\/p>\n<ul>\n<li>Lavander\u00eda profesional<\/li>\n<li>Textil y calzado profesional<\/li>\n<li>Limpieza Industrial de Veh\u00edculos<\/li>\n<li>Higiene alimentaria (queser\u00edas, c\u00e1rnicas, etc)<\/li>\n<\/ul>\n<p>[\/et_pb_text][\/et_pb_column][et_pb_column type=\u00bb1_4&#8243; _builder_version=\u00bb3.25&#8243; custom_padding=\u00bb|||\u00bb custom_padding__hover=\u00bb|||\u00bb][et_pb_text _builder_version=\u00bb4.5.6&#8243; custom_padding=\u00bb2px|||\u00bb text_font_size_tablet=\u00bb\u00bb text_font_size_phone=\u00bb16px\u00bb text_font_size_last_edited=\u00bbon|phone\u00bb]<\/p>\n<ul>\n<li>Maquinaria de limpieza<\/li>\n<li>Instalaciones cocinas<\/li>\n<li>Instalaciones lavander\u00edas<\/li>\n<\/ul>\n<p>[\/et_pb_text][\/et_pb_column][\/et_pb_row][et_pb_row _builder_version=\u00bb3.25&#8243; background_size=\u00bbinitial\u00bb background_position=\u00bbtop_left\u00bb background_repeat=\u00bbrepeat\u00bb][et_pb_column type=\u00bb4_4&#8243; _builder_version=\u00bb3.25&#8243; custom_padding=\u00bb|||\u00bb custom_padding__hover=\u00bb|||\u00bb][et_pb_text _builder_version=\u00bb4.5.6&#8243; text_font_size_tablet=\u00bb\u00bb text_font_size_phone=\u00bb16px\u00bb text_font_size_last_edited=\u00bbon|phone\u00bb]<\/p>\n<p>Ma\u00f1anes Hosteler\u00eda y Limpieza es una empresa especializada en dar servicio integral al sector de la hosteler\u00eda (canal horeca) y la limpieza profesional (colectividades, residencias, empresas de limpieza, grandes consumidores, limpieza industrial de veh\u00edculos, higiene alimentaria, etc) con un amplio abanico de referencias y cubriendo todas las necesidades que se pueden presentar. Nuestros proveedores son los mejores profesionales del sector ya que trabajamos con los fabricantes l\u00edderes a nivel nacional e internacional. Gracias a ello podemos ofrecer las mejores marcas del mercado, con la m\u00e1xima calidad y los niveles m\u00e1s altos de satisfacci\u00f3n.<\/p>\n<p>[\/et_pb_text][\/et_pb_column][\/et_pb_row][\/et_pb_section][et_pb_section fb_built=\u00bb1&#8243; _builder_version=\u00bb3.22&#8243; custom_padding=\u00bb1px|||\u00bb][et_pb_row column_structure=\u00bb1_3,1_3,1_3&#8243; use_custom_gutter=\u00bbon\u00bb gutter_width=\u00bb2&#8243; make_equal=\u00bbon\u00bb _builder_version=\u00bb3.25&#8243; background_size=\u00bbinitial\u00bb background_position=\u00bbtop_left\u00bb background_repeat=\u00bbrepeat\u00bb][et_pb_column type=\u00bb1_3&#8243; _builder_version=\u00bb3.25&#8243; custom_padding=\u00bb|||\u00bb custom_padding__hover=\u00bb|||\u00bb][et_pb_text _builder_version=\u00bb4.5.3&#8243; text_font=\u00bbAdvent Pro||||||||\u00bb text_font_size=\u00bb23px\u00bb text_font_size_tablet=\u00bb30px\u00bb text_font_size_phone=\u00bb\u00bb text_font_size_last_edited=\u00bbon|tablet\u00bb]<\/p>\n<p style=\"text-align: center;\">Cat\u00e1logo General<\/p>\n<p>[\/et_pb_text][et_pb_divider divider_position=\u00bbcenter\u00bb divider_weight=\u00bb3&#8243; _builder_version=\u00bb3.2&#8243; max_width=\u00bb20%\u00bb module_alignment=\u00bbcenter\u00bb custom_padding=\u00bb||8%|\u00bb]&nbsp;<br \/>\n[\/et_pb_divider][et_pb_code _builder_version=\u00bb4.5.3&#8243; text_orientation=\u00bbcenter\u00bb]<iframe loading=\"lazy\" width=\"620px\" height=\"360px\" src=\"https:\/\/www.yumpu.com\/es\/embed\/view\/MHw093TJRQA5eC4a\" frameborder=\"0\" allowfullscreen=\"true\"  allowtransparency=\"true\"><\/iframe>[\/et_pb_code][\/et_pb_column][et_pb_column type=\u00bb1_3&#8243; _builder_version=\u00bb3.25&#8243; custom_padding=\u00bb|||\u00bb custom_padding__hover=\u00bb|||\u00bb][et_pb_text _builder_version=\u00bb4.5.3&#8243; text_font=\u00bbAdvent Pro||||||||\u00bb text_font_size=\u00bb23px\u00bb custom_padding_tablet=\u00bb8%|||\u00bb custom_padding_phone=\u00bb12%|||\u00bb custom_padding_last_edited=\u00bbon|desktop\u00bb text_font_size_tablet=\u00bb30px\u00bb text_font_size_phone=\u00bb\u00bb text_font_size_last_edited=\u00bbon|tablet\u00bb]<\/p>\n<p style=\"text-align: center;\">Cat\u00e1logo de Mobiliario<\/p>\n<p>[\/et_pb_text][et_pb_divider divider_position=\u00bbcenter\u00bb divider_weight=\u00bb3&#8243; _builder_version=\u00bb3.2&#8243; max_width=\u00bb20%\u00bb module_alignment=\u00bbcenter\u00bb custom_padding=\u00bb||8%|\u00bb]&nbsp;<br \/>\n[\/et_pb_divider][et_pb_code _builder_version=\u00bb4.5.3&#8243; text_orientation=\u00bbcenter\u00bb]<iframe loading=\"lazy\" width=\"620px\" height=\"360px\" src=\"https:\/\/www.yumpu.com\/es\/embed\/view\/bZq0IklnAKoTMyOx\" frameborder=\"0\" allowfullscreen=\"true\"  allowtransparency=\"true\"><\/iframe>[\/et_pb_code][\/et_pb_column][et_pb_column type=\u00bb1_3&#8243; _builder_version=\u00bb3.25&#8243; custom_padding=\u00bb|||\u00bb custom_padding__hover=\u00bb|||\u00bb][et_pb_text _builder_version=\u00bb4.5.6&#8243; text_font=\u00bbAdvent Pro||||||||\u00bb text_font_size=\u00bb23px\u00bb custom_padding_tablet=\u00bb8%|||\u00bb custom_padding_phone=\u00bb12%|||\u00bb custom_padding_last_edited=\u00bbon|desktop\u00bb text_font_size_tablet=\u00bb30px\u00bb text_font_size_phone=\u00bb\u00bb text_font_size_last_edited=\u00bbon|tablet\u00bb]<\/p>\n<p style=\"text-align: center;\">Cat\u00e1logo Industria Alimentar\u00eda<\/p>\n<p>[\/et_pb_text][et_pb_divider divider_position=\u00bbcenter\u00bb divider_weight=\u00bb3&#8243; _builder_version=\u00bb3.2&#8243; max_width=\u00bb20%\u00bb module_alignment=\u00bbcenter\u00bb custom_padding=\u00bb||8%|\u00bb]&nbsp;<br \/>\n[\/et_pb_divider][et_pb_code _builder_version=\u00bb4.5.6&#8243; text_orientation=\u00bbcenter\u00bb]<iframe loading=\"lazy\" src=\"https:\/\/cdn.flipsnack.com\/widget\/v2\/widget.html?hash=7k5ol83xu3\" width=\"620\" height=\"360\" seamless=\"seamless\" scrolling=\"no\" frameBorder=\"0\" allowFullScreen><\/iframe>[\/et_pb_code][\/et_pb_column][\/et_pb_row][et_pb_row column_structure=\u00bb1_3,1_3,1_3&#8243; use_custom_gutter=\u00bbon\u00bb gutter_width=\u00bb2&#8243; make_equal=\u00bbon\u00bb _builder_version=\u00bb3.25&#8243; background_size=\u00bbinitial\u00bb background_position=\u00bbtop_left\u00bb background_repeat=\u00bbrepeat\u00bb][et_pb_column type=\u00bb1_3&#8243; _builder_version=\u00bb3.25&#8243; custom_padding=\u00bb|||\u00bb custom_padding__hover=\u00bb|||\u00bb][et_pb_text _builder_version=\u00bb4.5.6&#8243; text_font=\u00bbAdvent Pro||||||||\u00bb text_font_size=\u00bb23px\u00bb text_font_size_tablet=\u00bb30px\u00bb text_font_size_phone=\u00bb\u00bb text_font_size_last_edited=\u00bbon|tablet\u00bb]<\/p>\n<p style=\"text-align: center;\">Cat\u00e1logo Sistema Ecoconpack<\/p>\n<p style=\"text-align: center;\">[\/et_pb_text][et_pb_divider divider_position=\u00bbcenter\u00bb divider_weight=\u00bb3&#8243; _builder_version=\u00bb3.2&#8243; max_width=\u00bb20%\u00bb module_alignment=\u00bbcenter\u00bb custom_padding=\u00bb||8%|\u00bb]&nbsp;<br \/>\n[\/et_pb_divider][et_pb_code _builder_version=\u00bb4.5.6&#8243; text_orientation=\u00bbcenter\u00bb]<iframe loading=\"lazy\" src=\"https:\/\/cdn.flipsnack.com\/widget\/v2\/widget.html?hash=ujfol83xu3\" width=\"620\" height=\"360\" seamless=\"seamless\" scrolling=\"no\" frameBorder=\"0\" allowFullScreen><\/iframe>[\/et_pb_code][et_pb_text _builder_version=\u00bb4.5.6&#8243; _module_preset=\u00bbdefault\u00bb]<\/p>\n<p>Ver v\u00eddeo explicativo<\/p>\n<p>[\/et_pb_text][et_pb_video src=\u00bbhttps:\/\/www.youtube.com\/watch?v=GaxALuWDhvg&#038;feature=youtu.be\u00bb _builder_version=\u00bb4.5.6&#8243; _module_preset=\u00bbdefault\u00bb animation_style=\u00bbslide\u00bb][\/et_pb_video][\/et_pb_column][et_pb_column type=\u00bb1_3&#8243; _builder_version=\u00bb3.25&#8243; custom_padding=\u00bb|||\u00bb custom_padding__hover=\u00bb|||\u00bb][et_pb_text _builder_version=\u00bb4.5.6&#8243; text_font=\u00bbAdvent Pro||||||||\u00bb text_font_size=\u00bb23px\u00bb custom_padding_tablet=\u00bb8%|||\u00bb custom_padding_phone=\u00bb12%|||\u00bb custom_padding_last_edited=\u00bbon|desktop\u00bb text_font_size_tablet=\u00bb30px\u00bb text_font_size_phone=\u00bb\u00bb text_font_size_last_edited=\u00bbon|tablet\u00bb]<\/p>\n<p style=\"text-align: center;\">\u00a0Cat\u00e1logo Lavander\u00eda Ecoconpack<\/p>\n<p style=\"text-align: center;\">[\/et_pb_text][et_pb_divider divider_position=\u00bbcenter\u00bb divider_weight=\u00bb3&#8243; _builder_version=\u00bb3.2&#8243; max_width=\u00bb20%\u00bb module_alignment=\u00bbcenter\u00bb custom_padding=\u00bb||8%|\u00bb]&nbsp;<br \/>\n[\/et_pb_divider][et_pb_code _builder_version=\u00bb4.5.6&#8243; text_orientation=\u00bbcenter\u00bb]<iframe loading=\"lazy\" src=\"https:\/\/cdn.flipsnack.com\/widget\/v2\/widget.html?hash=71ig8i97t9\" width=\"620\" height=\"360\" seamless=\"seamless\" scrolling=\"no\" frameBorder=\"0\" allowFullScreen><\/iframe>[\/et_pb_code][et_pb_text _builder_version=\u00bb4.5.6&#8243; _module_preset=\u00bbdefault\u00bb]<\/p>\n<p>Ver v\u00eddeo explicativo<\/p>\n<p>[\/et_pb_text][et_pb_video src=\u00bbhttps:\/\/youtu.be\/4Do76sEvoM8&#8243; _builder_version=\u00bb4.5.6&#8243; _module_preset=\u00bbdefault\u00bb animation_style=\u00bbslide\u00bb][\/et_pb_video][et_pb_code _builder_version=\u00bb4.5.6&#8243; _module_preset=\u00bbdefault\u00bb][\/et_pb_code][\/et_pb_column][et_pb_column type=\u00bb1_3&#8243; _builder_version=\u00bb3.25&#8243; custom_padding=\u00bb|||\u00bb custom_padding__hover=\u00bb|||\u00bb][et_pb_text _builder_version=\u00bb4.5.6&#8243; text_font=\u00bbAdvent Pro||||||||\u00bb text_font_size=\u00bb23px\u00bb custom_padding_tablet=\u00bb8%|||\u00bb custom_padding_phone=\u00bb12%|||\u00bb custom_padding_last_edited=\u00bbon|desktop\u00bb text_font_size_tablet=\u00bb30px\u00bb text_font_size_phone=\u00bb\u00bb text_font_size_last_edited=\u00bbon|tablet\u00bb]<\/p>\n<p style=\"text-align: center;\">Cat\u00e1logo\u00a0Limpieza Industrial de Veh\u00edculos &#8211; Carclin<\/p>\n<p>[\/et_pb_text][et_pb_divider divider_position=\u00bbcenter\u00bb divider_weight=\u00bb3&#8243; _builder_version=\u00bb3.2&#8243; max_width=\u00bb20%\u00bb module_alignment=\u00bbcenter\u00bb custom_padding=\u00bb||8%|\u00bb]&nbsp;<br \/>\n[\/et_pb_divider][et_pb_code _builder_version=\u00bb4.5.6&#8243; text_orientation=\u00bbcenter\u00bb]<iframe loading=\"lazy\" width=\"620px\" height=\"360px\" src=\"https:\/\/online.fliphtml5.com\/gemcz\/hrsh\/#p=1\" frameborder=\"0\" allowfullscreen allowtransparency><\/iframe>[\/et_pb_code][\/et_pb_column][\/et_pb_row][\/et_pb_section]<\/p>\n","protected":false},"excerpt":{"rendered":"<p>Productos &nbsp; Productos de limpieza e higiene Vajilla Cristaler\u00eda Cuberter\u00eda Menaje de Cocina Maquinaria Mobiliario Celulosa Qu\u00edmicos Un solo uso (desechables) Lavander\u00eda profesional Textil y calzado profesional Limpieza Industrial de Veh\u00edculos Higiene alimentaria (queser\u00edas, c\u00e1rnicas, etc) Maquinaria de limpieza Instalaciones cocinas Instalaciones lavander\u00edas Ma\u00f1anes Hosteler\u00eda y Limpieza es una empresa especializada en dar servicio integral [&hellip;]<\/p>\n","protected":false},"author":1,"featured_media":0,"parent":0,"menu_order":0,"comment_status":"closed","ping_status":"closed","template":"","meta":{"_et_pb_use_builder":"on","_et_pb_old_content":"","_et_gb_content_width":"","footnotes":""},"class_list":["post-73","page","type-page","status-publish","hentry"],"_links":{"self":[{"href":"https:\/\/www.grupomananes.com\/hosteleria\/wp-json\/wp\/v2\/pages\/73","targetHints":{"allow":["GET"]}}],"collection":[{"href":"https:\/\/www.grupomananes.com\/hosteleria\/wp-json\/wp\/v2\/pages"}],"about":[{"href":"https:\/\/www.grupomananes.com\/hosteleria\/wp-json\/wp\/v2\/types\/page"}],"author":[{"embeddable":true,"href":"https:\/\/www.grupomananes.com\/hosteleria\/wp-json\/wp\/v2\/users\/1"}],"replies":[{"embeddable":true,"href":"https:\/\/www.grupomananes.com\/hosteleria\/wp-json\/wp\/v2\/comments?post=73"}],"version-history":[{"count":0,"href":"https:\/\/www.grupomananes.com\/hosteleria\/wp-json\/wp\/v2\/pages\/73\/revisions"}],"wp:attachment":[{"href":"https:\/\/www.grupomananes.com\/hosteleria\/wp-json\/wp\/v2\/media?parent=73"}],"curies":[{"name":"wp","href":"https:\/\/api.w.org\/{rel}","templated":true}]}}