{"id":1027,"date":"2018-05-17T15:34:10","date_gmt":"2018-05-17T15:34:10","guid":{"rendered":"https:\/\/grupomananes.com\/wpl\/?page_id=1027"},"modified":"2018-05-20T09:04:34","modified_gmt":"2018-05-20T09:04:34","slug":"aviso-legal-y-condiciones-de-uso","status":"publish","type":"page","link":"https:\/\/www.grupomananes.com\/libreria\/aviso-legal-y-condiciones-de-uso\/","title":{"rendered":"Aviso Legal y condiciones de uso"},"content":{"rendered":"<p>En este espacio podr\u00e1s encontrar toda la informaci\u00f3n relativa sobre los t\u00e9rminos y condiciones legales que definen las relaciones entre los usuarios y los responsables de esta web. Como usuario, es importante que conozcas estos t\u00e9rminos antes de continuar tu navegaci\u00f3n.<\/p>\n<p>IMPRENTA LIBRER\u00cdA MA\u00d1ANES S.L. como responsable de esta web, asume el compromiso de procesar la informaci\u00f3n de sus usuarios y clientes con plenas garant\u00edas y cumplir con los requisitos nacionales y europeos que regulan la recopilaci\u00f3n y uso de los datos personales de nuestros usuarios.<\/p>\n<p>Esta web, por tanto, cumple rigurosamente con La Ley Org\u00e1nica 15\/1999, de 13 de diciembre, de Protecci\u00f3n de Datos de Car\u00e1cter Personal (LOPD), y con el Real Decreto 1720\/2007, de 21 de diciembre, conocido como el Reglamento de desarrollo de la LOPD. Cumple tambi\u00e9n con el Reglamento (UE) 2016\/679 del Parlamento Europeo y del Consejo de 27 de abril de 2016 relativo a la protecci\u00f3n de las personas f\u00edsicas (RGPD), as\u00ed como con la Ley 34\/2002, de 11 de julio, de Servicios de la Sociedad de la Informaci\u00f3n y Comercio Electr\u00f3nico (LSSICE \u00f3 LSSI).<\/p>\n<p><strong>\u00a0<\/strong><\/p>\n<h3><strong>Datos sobre el responsable de esta web<\/strong><\/h3>\n<ul>\n<li>Su denominaci\u00f3n social es: IMPRENTA LIBRER\u00cdA MA\u00d1ANES S.L.<\/li>\n<li>Su CIF: B-49138662<\/li>\n<li>Su domicilio social est\u00e1 en C\/ Cervantes, 10, 49600, Benavente, Zamora<\/li>\n<li>Correo electr\u00f3nico: libreria@grupomananes.com<\/li>\n<\/ul>\n<p><strong>\u00a0<\/strong><\/p>\n<h3><strong>Condiciones\u00a0generales de uso<\/strong><\/h3>\n<p>Las presentes Condiciones Generales regulan el uso (incluyendo el mero acceso) de las p\u00e1ginas web integrantes del sitio web de IMPRENTA LIBRER\u00cdA MA\u00d1ANES S.L. incluidos los contenidos y servicios puestos a disposici\u00f3n en ellas.<\/p>\n<p>Toda persona que acceda a la web grupomananes.com (\u201c<strong>Usuario<\/strong>\u201d) acepta someterse a las Condiciones Generales vigentes en cada momento del portal grupomananes.com<\/p>\n<p><strong>\u00a0<\/strong><\/p>\n<h3><strong>Datos personales que recabo y c\u00f3mo lo hago<\/strong><\/h3>\n<p>Leer <a href=\"https:\/\/grupomananes.com\/wpl\/politica-de-privacidad\/\">Pol\u00edtica de Privacidad<\/a>.<\/p>\n<p><strong>\u00a0<\/strong><\/p>\n<h3><strong>Compromisos y obligaciones de los usuarios<\/strong><\/h3>\n<p>El usuario queda informado, y acepta, que el acceso a la presente web no supone, en modo alguno, el inicio de una relaci\u00f3n comercial con grupoma\u00f1anes.com. De esta forma, el usuario se compromete a utilizar el sitio web, sus servicios y contenidos sin contravenir la legislaci\u00f3n vigente, la buena fe y el orden p\u00fablico.<\/p>\n<p>Queda prohibido el uso de la web, con fines il\u00edcitos o lesivos, o que, de cualquier forma, puedan causar perjuicio o impedir el normal funcionamiento del sitio web. Respecto de los contenidos de esta web, se proh\u00edbe:<\/p>\n<ul>\n<li>Su reproducci\u00f3n, distribuci\u00f3n o modificaci\u00f3n, total o parcial, a menos que se cuente con mi autorizaci\u00f3n como leg\u00edtimo titular;<\/li>\n<li>Cualquier vulneraci\u00f3n de los derechos del prestador o de mi como leg\u00edtimo titular;<br \/>\nSu utilizaci\u00f3n para fines comerciales o publicitarios.<\/li>\n<li>En la utilizaci\u00f3n de la web, https:\/\/grupomananes.com el usuario se compromete a no llevar a cabo ninguna conducta que pudiera da\u00f1ar la imagen, los intereses y los derechos de grupoma\u00f1anes o de terceros o que pudiera da\u00f1ar, inutilizar o sobrecargar el portal https:\/\/grupomananes.com\u00a0o que impidiera, de cualquier forma, la normal utilizaci\u00f3n de la web.<\/li>\n<\/ul>\n<p>No obstante, el usuario debe ser consciente de que las medidas de seguridad de los sistemas inform\u00e1ticos en Internet no son enteramente fiables y que, por tanto https:\/\/grupomananes.com no puede garantizar la inexistencia de malware u otros elementos que puedan producir alteraciones en los sistemas inform\u00e1ticos (software y hardware) del usuario o en sus documentos electr\u00f3nicos y ficheros contenidos en los mismos aunque pongo todos los medios necesarios y las medidas de seguridad oportunas para evitar la presencia de estos elementos da\u00f1inos.<\/p>\n<p><strong>\u00a0<\/strong><\/p>\n<h3><strong>Anuncios patrocinados, enlaces de afiliados y publicidad<\/strong><\/h3>\n<p>Esta web no ofrece a los usuarios contenidos patrocinados, anuncios y\/o enlaces de afiliados.<\/p>\n<p><strong>\u00a0<\/strong><\/p>\n<h3><strong>Medidas de seguridad<\/strong><\/h3>\n<p>Los datos personales comunicados por el usuario a grupoma\u00f1anes pueden ser almacenados en bases de datos automatizadas o no, cuya titularidad corresponde en exclusiva a IMPRENTA LIBRER\u00cdA MA\u00d1ANES S.L., asumiendo \u00e9sta todas las medidas de \u00edndole t\u00e9cnica, organizativa y de seguridad que garantizan la confidencialidad, integridad y calidad de la informaci\u00f3n contenida en las mismas de acuerdo con lo establecido en la normativa vigente en protecci\u00f3n de datos.<\/p>\n<p>La comunicaci\u00f3n entre los usuarios y https:\/\/gruopomananes.com utiliza un canal seguro, y los datos transmitidos son cifrados gracias a protocolos a https, por tanto, garantizo las mejores condiciones de seguridad para que la confidencialidad de los usuarios est\u00e9 garantizada.<\/p>\n<p><strong>\u00a0<\/strong><\/p>\n<h3><strong>Plataforma de resoluci\u00f3n de conflictos<\/strong><\/h3>\n<p>Pongo tambi\u00e9n a disposici\u00f3n de los usuarios la plataforma de resoluci\u00f3n de litigios que facilita la Comisi\u00f3n Europea y que se encuentra disponible en el siguiente enlace:<\/p>\n<p><a href=\"http:\/\/ec.europa.eu\/consumers\/odr\/\">http:\/\/ec.europa.eu\/consumers\/odr\/<\/a><\/p>\n<p><strong>\u00a0<\/strong><\/p>\n<h3><strong>Derechos de propiedad intelectual e industrial<\/strong><\/h3>\n<p>En virtud de lo dispuesto en los art\u00edculos 8 y 32.1, p\u00e1rrafo segundo, de la Ley de Propiedad Intelectual, quedan expresamente prohibidas la reproducci\u00f3n, la distribuci\u00f3n y la comunicaci\u00f3n p\u00fablica, incluida su modalidad de puesta a disposici\u00f3n, de la totalidad o parte de los contenidos de esta p\u00e1gina web, con fines comerciales, en cualquier soporte y por cualquier medio t\u00e9cnico, sin la autorizaci\u00f3n de IMPRENTA LIBRER\u00cdA MA\u00d1ANES S.L.. El usuario se compromete a respetar los derechos de Propiedad Intelectual e Industrial titularidad de .<\/p>\n<p>El usuario conoce y acepta que la totalidad del sitio web, conteniendo sin car\u00e1cter exhaustivo el texto, software, contenidos (incluyendo estructura, selecci\u00f3n, ordenaci\u00f3n y presentaci\u00f3n de los mismos) fotograf\u00edas, material audiovisual y gr\u00e1ficos, est\u00e1 protegida por marcas, derechos de autor y otros derechos leg\u00edtimos registrados, de acuerdo con los tratados internacionales en los que Espa\u00f1a es parte y otros derechos de propiedad y leyes de Espa\u00f1a.<\/p>\n<p>En el caso de que un usuario o un tercero consideren que se ha producido una violaci\u00f3n de sus leg\u00edtimos derechos de propiedad intelectual por la introducci\u00f3n de un determinado contenido en el Web, deber\u00e1 notificar dicha circunstancia a grupomananes.com indicando:<\/p>\n<p>Datos personales del interesado titular de los derechos presuntamente infringidos, o indicar la representaci\u00f3n con la que act\u00faa en caso de que la reclamaci\u00f3n la presente un tercero distinto del interesado.<\/p>\n<p>Se\u00f1alar los contenidos protegidos por los derechos de propiedad intelectual y su ubicaci\u00f3n en el Web, la acreditaci\u00f3n de los derechos de propiedad intelectual se\u00f1alados y declaraci\u00f3n expresa en la que el interesado se responsabiliza de la veracidad de las informaciones facilitadas en la notificaci\u00f3n.<\/p>\n<p><strong>\u00a0<\/strong><\/p>\n<h2><strong>Enlaces externos<\/strong><\/h2>\n<p>En el caso de que en grupomananes.com se dispusiesen enlaces o hiperv\u00ednculos hac\u00eda otros sitios de Internet, IMPRENTA LIBRER\u00cdA MA\u00d1ANES S.L. no ejercer\u00e1 ning\u00fan tipo de control sobre dichos sitios y contenidos. En ning\u00fan caso IMPRENTA LIBRER\u00cdA MA\u00d1ANES S.L. asumir\u00e1 responsabilidad alguna por los contenidos de alg\u00fan enlace perteneciente a un sitio web ajeno, ni garantizar\u00e1 la disponibilidad t\u00e9cnica, calidad, fiabilidad, exactitud, amplitud, veracidad, validez y constitucionalidad de cualquier material o informaci\u00f3n contenida en ninguno de dichos hiperv\u00ednculos u otros sitios de Internet.<\/p>\n<p>Igualmente la inclusi\u00f3n de estas conexiones externas no implicar\u00e1 ning\u00fan tipo de asociaci\u00f3n, fusi\u00f3n o participaci\u00f3n con las entidades conectadas.<\/p>\n<p><strong>\u00a0<\/strong><\/p>\n<h3><strong>Exclusi\u00f3n de garant\u00edas y responsabilidad<\/strong><\/h3>\n<p>IMPRENTA LIBRER\u00cdA MA\u00d1ANES S.L. no otorga ninguna garant\u00eda ni se hace responsable, en ning\u00fan caso, de los da\u00f1os y perjuicios de cualquier naturaleza que pudieran traer causa de:<\/p>\n<ul>\n<li>La falta de disponibilidad, mantenimiento y efectivo funcionamiento de la web o de sus servicios y contenidos;<\/li>\n<li>La existencia de virus, programas maliciosos o lesivos en los contenidos;<\/li>\n<li>El uso il\u00edcito, negligente, fraudulento o contrario a este Aviso Legal;<\/li>\n<li>La falta de licitud, calidad, fiabilidad, utilidad y disponibilidad de los servicios prestados por terceros y puestos a disposici\u00f3n de los usuarios en el sitio web.<\/li>\n<li>IMPRENTA LIBRER\u00cdA MA\u00d1ANES S.L.no se hace responsable bajo ning\u00fan concepto de los da\u00f1os que pudieran dimanar del uso ilegal o indebido de la presente p\u00e1gina web.<\/li>\n<\/ul>\n<p>&nbsp;<\/p>\n<h3><strong>Ley aplicable y jurisdicci\u00f3n<\/strong><\/h3>\n<p>Con car\u00e1cter general las relaciones entre grupomananes.com con los Usuarios de sus servicios telem\u00e1ticos, presentes en este sitio web, se encuentran sometidas a la legislaci\u00f3n y jurisdicci\u00f3n espa\u00f1olas y a los tribunales de Benavente.<\/p>\n<p><strong>\u00a0<\/strong><\/p>\n<h3><strong>Contacto<\/strong><\/h3>\n<p>En caso de que cualquier Usuario tuviese alguna duda acerca de estas Condiciones legales o cualquier comentario sobre el portal grupomananes.com, por favor dir\u00edjase a<a href=\"mailto:libreria@grupomananes.com\"> libreria@grupomananes.com\u00a0<\/a>o a trav\u00e9s del apartado de\u00a0<a href=\"https:\/\/grupomananes.com\/wpl\/donde-encontrarnos\/\">contacto.<\/a><\/p>\n<p>&nbsp;<\/p>\n","protected":false},"excerpt":{"rendered":"<p>En este espacio podr\u00e1s encontrar toda la informaci\u00f3n relativa sobre los t\u00e9rminos y condiciones legales que definen las relaciones entre los usuarios y los responsables de esta web. Como usuario, es importante que conozcas estos t\u00e9rminos antes de continuar tu navegaci\u00f3n. IMPRENTA LIBRER\u00cdA MA\u00d1ANES S.L. como responsable de esta web, asume el compromiso de procesar [&hellip;]<\/p>\n","protected":false},"author":1,"featured_media":0,"parent":0,"menu_order":0,"comment_status":"closed","ping_status":"closed","template":"","meta":{"_et_pb_use_builder":"","_et_pb_old_content":"","_et_gb_content_width":"","footnotes":""},"_links":{"self":[{"href":"https:\/\/www.grupomananes.com\/libreria\/wp-json\/wp\/v2\/pages\/1027"}],"collection":[{"href":"https:\/\/www.grupomananes.com\/libreria\/wp-json\/wp\/v2\/pages"}],"about":[{"href":"https:\/\/www.grupomananes.com\/libreria\/wp-json\/wp\/v2\/types\/page"}],"author":[{"embeddable":true,"href":"https:\/\/www.grupomananes.com\/libreria\/wp-json\/wp\/v2\/users\/1"}],"replies":[{"embeddable":true,"href":"https:\/\/www.grupomananes.com\/libreria\/wp-json\/wp\/v2\/comments?post=1027"}],"version-history":[{"count":30,"href":"https:\/\/www.grupomananes.com\/libreria\/wp-json\/wp\/v2\/pages\/1027\/revisions"}],"predecessor-version":[{"id":1106,"href":"https:\/\/www.grupomananes.com\/libreria\/wp-json\/wp\/v2\/pages\/1027\/revisions\/1106"}],"wp:attachment":[{"href":"https:\/\/www.grupomananes.com\/libreria\/wp-json\/wp\/v2\/media?parent=1027"}],"curies":[{"name":"wp","href":"https:\/\/api.w.org\/{rel}","templated":true}]}}