{"id":164,"date":"2018-05-03T10:00:00","date_gmt":"2018-05-03T10:00:00","guid":{"rendered":"https:\/\/grupomananes.com\/wpl\/?page_id=164"},"modified":"2018-05-05T08:55:05","modified_gmt":"2018-05-05T08:55:05","slug":"accesorios-informaticos","status":"publish","type":"page","link":"https:\/\/www.grupomananes.com\/libreria\/accesorios-informaticos\/","title":{"rendered":"Accesorios inform\u00e1ticos"},"content":{"rendered":"<p>[et_pb_section fb_built=\u00bb1&#8243; _builder_version=\u00bb3.2.1&#8243; custom_padding=\u00bb||1px|\u00bb][et_pb_row _builder_version=\u00bb3.0.47&#8243; background_size=\u00bbinitial\u00bb background_position=\u00bbtop_left\u00bb background_repeat=\u00bbrepeat\u00bb][et_pb_column type=\u00bb4_4&#8243; _builder_version=\u00bb3.0.47&#8243; parallax=\u00bboff\u00bb parallax_method=\u00bbon\u00bb][et_pb_text _builder_version=\u00bb3.2.1&#8243; text_font=\u00bbAdvent Pro||||||||\u00bb text_text_color=\u00bb#1088d3&#8243; text_font_size=\u00bb30px\u00bb text_font_size_tablet=\u00bb30px\u00bb text_font_size_last_edited=\u00bbon|tablet\u00bb text_font_size_phone=\u00bb33px\u00bb]Accesorios inform\u00e1ticos<br \/>\n[\/et_pb_text][\/et_pb_column][\/et_pb_row][\/et_pb_section][et_pb_section fb_built=\u00bb1&#8243; _builder_version=\u00bb3.0.47&#8243;][et_pb_row use_custom_gutter=\u00bbon\u00bb _builder_version=\u00bb3.2.1&#8243; background_size=\u00bbinitial\u00bb background_position=\u00bbtop_left\u00bb background_repeat=\u00bbrepeat\u00bb custom_padding=\u00bb|||\u00bb custom_margin=\u00bb||-35px|\u00bb][et_pb_column type=\u00bb1_4&#8243; _builder_version=\u00bb3.0.47&#8243; parallax=\u00bboff\u00bb parallax_method=\u00bbon\u00bb][et_pb_image src=\u00bbhttp:\/\/www.grupomananes.com\/libreria\/wp-content\/uploads\/2018\/05\/fax.jpg\u00bb _builder_version=\u00bb3.2.1&#8243; border_color_all=\u00bb#1088d3&#8243; box_shadow_style=\u00bbpreset1&#8243; box_shadow_spread=\u00bb-5px\u00bb box_shadow_color=\u00bb#1088d3&#8243;]&nbsp;<br \/>\n[\/et_pb_image][et_pb_text _builder_version=\u00bb3.2.1&#8243; text_font=\u00bbAdvent Pro||||||||\u00bb text_font_size=\u00bb20px\u00bb text_font_size_tablet=\u00bb20px\u00bb text_font_size_phone=\u00bb23px\u00bb text_font_size_last_edited=\u00bbon|phone\u00bb text_orientation=\u00bbcenter\u00bb custom_padding=\u00bb||15%|\u00bb]<\/p>\n<p style=\"text-align: center;\">Faxes<\/p>\n<p>[\/et_pb_text][\/et_pb_column][et_pb_column type=\u00bb1_4&#8243; _builder_version=\u00bb3.0.47&#8243; parallax=\u00bboff\u00bb parallax_method=\u00bbon\u00bb][et_pb_image src=\u00bbhttp:\/\/www.grupomananes.com\/libreria\/wp-content\/uploads\/2018\/05\/Soportes-portatiles-i-Pad-y-e-books.jpg\u00bb _builder_version=\u00bb3.2&#8243; border_color_all=\u00bb#1088d3&#8243; box_shadow_style=\u00bbpreset1&#8243; box_shadow_spread=\u00bb-5px\u00bb box_shadow_color=\u00bb#1088d3&#8243;]&nbsp;<br \/>\n[\/et_pb_image][et_pb_text _builder_version=\u00bb3.2.1&#8243; text_font=\u00bbAdvent Pro||||||||\u00bb text_font_size=\u00bb20px\u00bb text_font_size_tablet=\u00bb20px\u00bb text_font_size_phone=\u00bb23px\u00bb text_font_size_last_edited=\u00bbon|phone\u00bb text_orientation=\u00bbcenter\u00bb custom_padding=\u00bb||15%|\u00bb]<\/p>\n<p style=\"text-align: center;\">Soportes port\u00e1tiles i-Pad y e-books<\/p>\n<p>[\/et_pb_text][\/et_pb_column][et_pb_column type=\u00bb1_4&#8243; _builder_version=\u00bb3.0.47&#8243; parallax=\u00bboff\u00bb parallax_method=\u00bbon\u00bb][et_pb_image src=\u00bbhttp:\/\/www.grupomananes.com\/libreria\/wp-content\/uploads\/2018\/05\/Rollos-de-fax.jpg\u00bb _builder_version=\u00bb3.2&#8243; border_color_all=\u00bb#1088d3&#8243; box_shadow_style=\u00bbpreset1&#8243; box_shadow_spread=\u00bb-5px\u00bb box_shadow_color=\u00bb#1088d3&#8243;]&nbsp;<br \/>\n[\/et_pb_image][et_pb_text _builder_version=\u00bb3.2.1&#8243; text_font=\u00bbAdvent Pro||||||||\u00bb text_font_size=\u00bb20px\u00bb text_font_size_tablet=\u00bb20px\u00bb text_font_size_phone=\u00bb23px\u00bb text_font_size_last_edited=\u00bbon|phone\u00bb text_orientation=\u00bbcenter\u00bb custom_padding=\u00bb||15%|\u00bb]<\/p>\n<p style=\"text-align: center;\">Rollos de fax<\/p>\n<p>[\/et_pb_text][\/et_pb_column][et_pb_column type=\u00bb1_4&#8243; _builder_version=\u00bb3.0.47&#8243; parallax=\u00bboff\u00bb parallax_method=\u00bbon\u00bb][et_pb_image src=\u00bbhttp:\/\/www.grupomananes.com\/libreria\/wp-content\/uploads\/2018\/05\/Alfombrillas-y-reposamunecas-1.jpg\u00bb _builder_version=\u00bb3.2&#8243; border_color_all=\u00bb#1088d3&#8243; box_shadow_style=\u00bbpreset1&#8243; box_shadow_spread=\u00bb-5px\u00bb box_shadow_color=\u00bb#1088d3&#8243;]&nbsp;<br \/>\n[\/et_pb_image][et_pb_text _builder_version=\u00bb3.2.1&#8243; text_font=\u00bbAdvent Pro||||||||\u00bb text_font_size=\u00bb20px\u00bb text_font_size_tablet=\u00bb20px\u00bb text_font_size_phone=\u00bb23px\u00bb text_font_size_last_edited=\u00bbon|phone\u00bb text_orientation=\u00bbcenter\u00bb custom_padding=\u00bb||15%|\u00bb]<\/p>\n<p style=\"text-align: center;\">Alfombrillas y reposamu\u00f1ecas<\/p>\n<p>[\/et_pb_text][\/et_pb_column][\/et_pb_row][et_pb_row use_custom_gutter=\u00bbon\u00bb _builder_version=\u00bb3.2.1&#8243; background_size=\u00bbinitial\u00bb background_position=\u00bbtop_left\u00bb background_repeat=\u00bbrepeat\u00bb custom_margin=\u00bb||-3%|\u00bb][et_pb_column type=\u00bb1_4&#8243; _builder_version=\u00bb3.0.47&#8243; parallax=\u00bboff\u00bb parallax_method=\u00bbon\u00bb][et_pb_image src=\u00bbhttp:\/\/www.grupomananes.com\/libreria\/wp-content\/uploads\/2018\/05\/Atriles-sobremesa.jpg\u00bb _builder_version=\u00bb3.2.1&#8243; border_color_all=\u00bb#1088d3&#8243; box_shadow_style=\u00bbpreset1&#8243; box_shadow_spread=\u00bb-5px\u00bb box_shadow_color=\u00bb#1088d3&#8243;]&nbsp;<br \/>\n[\/et_pb_image][et_pb_text _builder_version=\u00bb3.2.1&#8243; text_font=\u00bbAdvent Pro||||||||\u00bb text_font_size=\u00bb20px\u00bb text_font_size_tablet=\u00bb20px\u00bb text_font_size_phone=\u00bb23px\u00bb text_font_size_last_edited=\u00bbon|phone\u00bb text_orientation=\u00bbcenter\u00bb custom_padding=\u00bb||15%|\u00bb]<\/p>\n<p style=\"text-align: center;\">Atriles sobremesa<\/p>\n<p>[\/et_pb_text][\/et_pb_column][et_pb_column type=\u00bb1_4&#8243; _builder_version=\u00bb3.0.47&#8243; parallax=\u00bboff\u00bb parallax_method=\u00bbon\u00bb][et_pb_image src=\u00bbhttp:\/\/www.grupomananes.com\/libreria\/wp-content\/uploads\/2018\/05\/Soportes-CPU.jpg\u00bb _builder_version=\u00bb3.2.1&#8243; border_color_all=\u00bb#1088d3&#8243; box_shadow_style=\u00bbpreset1&#8243; box_shadow_spread=\u00bb-5px\u00bb box_shadow_color=\u00bb#1088d3&#8243;]&nbsp;<br \/>\n[\/et_pb_image][et_pb_text _builder_version=\u00bb3.2.1&#8243; text_font=\u00bbAdvent Pro||||||||\u00bb text_font_size=\u00bb20px\u00bb text_font_size_tablet=\u00bb20px\u00bb text_font_size_phone=\u00bb23px\u00bb text_font_size_last_edited=\u00bbon|phone\u00bb text_orientation=\u00bbcenter\u00bb custom_padding=\u00bb||15%|\u00bb]<\/p>\n<p style=\"text-align: center;\">Soportes CPU<\/p>\n<p>[\/et_pb_text][\/et_pb_column][et_pb_column type=\u00bb1_4&#8243; _builder_version=\u00bb3.0.47&#8243; parallax=\u00bboff\u00bb parallax_method=\u00bbon\u00bb][et_pb_image src=\u00bbhttp:\/\/www.grupomananes.com\/libreria\/wp-content\/uploads\/2018\/05\/Soportes-multifuncionales.jpg\u00bb _builder_version=\u00bb3.2.1&#8243; border_color_all=\u00bb#1088d3&#8243; box_shadow_style=\u00bbpreset1&#8243; box_shadow_spread=\u00bb-5px\u00bb box_shadow_color=\u00bb#1088d3&#8243;]&nbsp;<br \/>\n[\/et_pb_image][et_pb_text _builder_version=\u00bb3.2.1&#8243; text_font=\u00bbAdvent Pro||||||||\u00bb text_font_size=\u00bb20px\u00bb text_font_size_tablet=\u00bb20px\u00bb text_font_size_phone=\u00bb23px\u00bb text_font_size_last_edited=\u00bbon|phone\u00bb text_orientation=\u00bbcenter\u00bb custom_padding=\u00bb||15%|\u00bb]<\/p>\n<p style=\"text-align: center;\">Soportes multifuncionales<\/p>\n<p>[\/et_pb_text][\/et_pb_column][et_pb_column type=\u00bb1_4&#8243; _builder_version=\u00bb3.0.47&#8243; parallax=\u00bboff\u00bb parallax_method=\u00bbon\u00bb][et_pb_image src=\u00bbhttp:\/\/www.grupomananes.com\/libreria\/wp-content\/uploads\/2018\/05\/Reposapies.jpg\u00bb _builder_version=\u00bb3.2.1&#8243; border_color_all=\u00bb#1088d3&#8243; box_shadow_style=\u00bbpreset1&#8243; box_shadow_spread=\u00bb-5px\u00bb box_shadow_color=\u00bb#1088d3&#8243;]&nbsp;<br \/>\n[\/et_pb_image][et_pb_text _builder_version=\u00bb3.2.1&#8243; text_font=\u00bbAdvent Pro||||||||\u00bb text_font_size=\u00bb20px\u00bb text_font_size_tablet=\u00bb20px\u00bb text_font_size_phone=\u00bb23px\u00bb text_font_size_last_edited=\u00bbon|phone\u00bb text_orientation=\u00bbcenter\u00bb custom_margin=\u00bb|||\u00bb custom_padding=\u00bb||15%|\u00bb]<\/p>\n<p style=\"text-align: center;\">Reposapi\u00e9s<\/p>\n<p>[\/et_pb_text][\/et_pb_column][\/et_pb_row][et_pb_row use_custom_gutter=\u00bbon\u00bb custom_padding=\u00bb2%|||\u00bb custom_margin=\u00bb||0px|\u00bb _builder_version=\u00bb3.2.1&#8243; background_size=\u00bbinitial\u00bb background_position=\u00bbtop_left\u00bb background_repeat=\u00bbrepeat\u00bb][et_pb_column type=\u00bb1_4&#8243; _builder_version=\u00bb3.0.47&#8243; parallax=\u00bboff\u00bb parallax_method=\u00bbon\u00bb][et_pb_image src=\u00bbhttp:\/\/www.grupomananes.com\/libreria\/wp-content\/uploads\/2018\/05\/CD-R-CD-RW-DVD.jpg\u00bb _builder_version=\u00bb3.2.1&#8243; border_color_all=\u00bb#1088d3&#8243; box_shadow_style=\u00bbpreset1&#8243; box_shadow_spread=\u00bb-5px\u00bb box_shadow_color=\u00bb#1088d3&#8243; custom_margin=\u00bb|||\u00bb custom_padding=\u00bb0px|||\u00bb]&nbsp;<br \/>\n[\/et_pb_image][et_pb_text _builder_version=\u00bb3.2.1&#8243; text_font=\u00bbAdvent Pro||||||||\u00bb text_font_size=\u00bb20px\u00bb text_font_size_tablet=\u00bb20px\u00bb text_font_size_phone=\u00bb23px\u00bb text_font_size_last_edited=\u00bbon|phone\u00bb text_orientation=\u00bbcenter\u00bb custom_padding=\u00bb||15%|\u00bb]<\/p>\n<p style=\"text-align: center;\">CD-R \/ CD-RW \/ DVD<\/p>\n<p>[\/et_pb_text][\/et_pb_column][et_pb_column type=\u00bb1_4&#8243; _builder_version=\u00bb3.0.47&#8243; parallax=\u00bboff\u00bb parallax_method=\u00bbon\u00bb][et_pb_image src=\u00bbhttp:\/\/www.grupomananes.com\/libreria\/wp-content\/uploads\/2018\/05\/Archivo-CD-DVD.jpg\u00bb _builder_version=\u00bb3.2.1&#8243; border_color_all=\u00bb#1088d3&#8243; box_shadow_style=\u00bbpreset1&#8243; box_shadow_spread=\u00bb-5px\u00bb box_shadow_color=\u00bb#1088d3&#8243;]&nbsp;<br \/>\n[\/et_pb_image][et_pb_text _builder_version=\u00bb3.2.1&#8243; text_font=\u00bbAdvent Pro||||||||\u00bb text_font_size=\u00bb20px\u00bb text_font_size_tablet=\u00bb20px\u00bb text_font_size_phone=\u00bb23px\u00bb text_font_size_last_edited=\u00bbon|phone\u00bb text_orientation=\u00bbcenter\u00bb custom_padding=\u00bb||15%|\u00bb]<\/p>\n<p style=\"text-align: center;\">Archivo CD \/ DVD<\/p>\n<p>[\/et_pb_text][\/et_pb_column][et_pb_column type=\u00bb1_4&#8243; _builder_version=\u00bb3.0.47&#8243; parallax=\u00bboff\u00bb parallax_method=\u00bbon\u00bb][et_pb_image src=\u00bbhttp:\/\/www.grupomananes.com\/libreria\/wp-content\/uploads\/2018\/05\/Memorias-Flash-USB.jpg\u00bb _builder_version=\u00bb3.2.1&#8243; border_color_all=\u00bb#1088d3&#8243; box_shadow_style=\u00bbpreset1&#8243; box_shadow_spread=\u00bb-5px\u00bb box_shadow_color=\u00bb#1088d3&#8243;]&nbsp;<br \/>\n[\/et_pb_image][et_pb_text _builder_version=\u00bb3.2.1&#8243; text_font=\u00bbAdvent Pro||||||||\u00bb text_font_size=\u00bb20px\u00bb text_font_size_tablet=\u00bb20px\u00bb text_font_size_phone=\u00bb23px\u00bb text_font_size_last_edited=\u00bbon|phone\u00bb text_orientation=\u00bbcenter\u00bb custom_padding=\u00bb||15%|\u00bb]<\/p>\n<p style=\"text-align: center;\">Memorias Flash USB<\/p>\n<p>[\/et_pb_text][\/et_pb_column][et_pb_column type=\u00bb1_4&#8243; _builder_version=\u00bb3.0.47&#8243; parallax=\u00bboff\u00bb parallax_method=\u00bbon\u00bb][et_pb_image src=\u00bbhttp:\/\/www.grupomananes.com\/libreria\/wp-content\/uploads\/2018\/05\/Telefonos.jpg\u00bb _builder_version=\u00bb3.2.1&#8243; border_color_all=\u00bb#1088d3&#8243; box_shadow_style=\u00bbpreset1&#8243; box_shadow_spread=\u00bb-5px\u00bb box_shadow_color=\u00bb#1088d3&#8243;]&nbsp;<br \/>\n[\/et_pb_image][et_pb_text _builder_version=\u00bb3.2.1&#8243; text_font=\u00bbAdvent Pro||||||||\u00bb text_font_size=\u00bb20px\u00bb text_font_size_tablet=\u00bb20px\u00bb text_font_size_phone=\u00bb23px\u00bb text_font_size_last_edited=\u00bbon|phone\u00bb text_orientation=\u00bbcenter\u00bb custom_padding=\u00bb||15%|\u00bb]<\/p>\n<p style=\"text-align: center;\">Tel\u00e9fonos<\/p>\n<p>[\/et_pb_text][\/et_pb_column][\/et_pb_row][\/et_pb_section]<\/p>\n","protected":false},"excerpt":{"rendered":"<p>Accesorios inform\u00e1ticos &nbsp; Faxes &nbsp; Soportes port\u00e1tiles i-Pad y e-books &nbsp; Rollos de fax &nbsp; Alfombrillas y reposamu\u00f1ecas &nbsp; Atriles sobremesa &nbsp; Soportes CPU &nbsp; Soportes multifuncionales &nbsp; Reposapi\u00e9s &nbsp; CD-R \/ CD-RW \/ DVD &nbsp; Archivo CD \/ DVD &nbsp; Memorias Flash USB &nbsp; Tel\u00e9fonos<\/p>\n","protected":false},"author":1,"featured_media":0,"parent":0,"menu_order":0,"comment_status":"closed","ping_status":"closed","template":"","meta":{"_et_pb_use_builder":"on","_et_pb_old_content":"","_et_gb_content_width":"","footnotes":""},"_links":{"self":[{"href":"https:\/\/www.grupomananes.com\/libreria\/wp-json\/wp\/v2\/pages\/164"}],"collection":[{"href":"https:\/\/www.grupomananes.com\/libreria\/wp-json\/wp\/v2\/pages"}],"about":[{"href":"https:\/\/www.grupomananes.com\/libreria\/wp-json\/wp\/v2\/types\/page"}],"author":[{"embeddable":true,"href":"https:\/\/www.grupomananes.com\/libreria\/wp-json\/wp\/v2\/users\/1"}],"replies":[{"embeddable":true,"href":"https:\/\/www.grupomananes.com\/libreria\/wp-json\/wp\/v2\/comments?post=164"}],"version-history":[{"count":72,"href":"https:\/\/www.grupomananes.com\/libreria\/wp-json\/wp\/v2\/pages\/164\/revisions"}],"predecessor-version":[{"id":295,"href":"https:\/\/www.grupomananes.com\/libreria\/wp-json\/wp\/v2\/pages\/164\/revisions\/295"}],"wp:attachment":[{"href":"https:\/\/www.grupomananes.com\/libreria\/wp-json\/wp\/v2\/media?parent=164"}],"curies":[{"name":"wp","href":"https:\/\/api.w.org\/{rel}","templated":true}]}}