{"id":401,"date":"2018-05-05T10:57:07","date_gmt":"2018-05-05T10:57:07","guid":{"rendered":"https:\/\/grupomananes.com\/wpl\/?page_id=401"},"modified":"2018-05-05T10:57:07","modified_gmt":"2018-05-05T10:57:07","slug":"escritura-y-correccion","status":"publish","type":"page","link":"https:\/\/www.grupomananes.com\/libreria\/escritura-y-correccion\/","title":{"rendered":"Escritura y correcci\u00f3n"},"content":{"rendered":"<p>[et_pb_section bb_built=\u00bb1&#8243; _builder_version=\u00bb3.2.1&#8243; custom_padding=\u00bb||1px|\u00bb next_background_color=\u00bb#000000&#8243;][et_pb_row _builder_version=\u00bb3.0.47&#8243; background_size=\u00bbinitial\u00bb background_position=\u00bbtop_left\u00bb background_repeat=\u00bbrepeat\u00bb][et_pb_column type=\u00bb4_4&#8243;][et_pb_text _builder_version=\u00bb3.2.1&#8243; text_font=\u00bbAdvent Pro||||||||\u00bb text_text_color=\u00bb#1088d3&#8243; text_font_size=\u00bb30px\u00bb text_font_size_last_edited=\u00bbon|tablet\u00bb text_font_size_phone=\u00bb33px\u00bb]<\/p>\n<p><span class=\"fs28 cf3 ff1\">Escritura y correcci\u00f3n\u00a0<\/span><\/p>\n<p>[\/et_pb_text][\/et_pb_column][\/et_pb_row][\/et_pb_section][et_pb_section bb_built=\u00bb1&#8243; _builder_version=\u00bb3.0.47&#8243; prev_background_color=\u00bb#000000&#8243;][et_pb_row use_custom_gutter=\u00bbon\u00bb _builder_version=\u00bb3.2.1&#8243; background_size=\u00bbinitial\u00bb background_position=\u00bbtop_left\u00bb background_repeat=\u00bbrepeat\u00bb custom_padding=\u00bb|||\u00bb custom_margin=\u00bb||-35px|\u00bb][et_pb_column type=\u00bb1_4&#8243;][et_pb_image src=\u00bbhttp:\/\/www.grupomananes.com\/libreria\/wp-content\/uploads\/2018\/05\/Correctores.jpg\u00bb _builder_version=\u00bb3.2.1&#8243; border_color_all=\u00bb#1088d3&#8243; box_shadow_style=\u00bbpreset1&#8243; box_shadow_spread=\u00bb-5px\u00bb box_shadow_color=\u00bb#1088d3&#8243;]<\/p>\n<p>&nbsp;<\/p>\n<p>[\/et_pb_image][et_pb_text _builder_version=\u00bb3.2.1&#8243; text_font=\u00bbAdvent Pro||||||||\u00bb text_font_size=\u00bb20px\u00bb text_font_size_phone=\u00bb23px\u00bb text_font_size_last_edited=\u00bbon|phone\u00bb text_orientation=\u00bbcenter\u00bb custom_padding=\u00bb||15%|\u00bb]<\/p>\n<p style=\"text-align: center;\">Correctores<\/p>\n<p>[\/et_pb_text][\/et_pb_column][et_pb_column type=\u00bb1_4&#8243;][et_pb_image src=\u00bbhttp:\/\/www.grupomananes.com\/libreria\/wp-content\/uploads\/2018\/05\/Gomas-de-borrar.png\u00bb _builder_version=\u00bb3.2.1&#8243; border_color_all=\u00bb#1088d3&#8243; box_shadow_style=\u00bbpreset1&#8243; box_shadow_spread=\u00bb-5px\u00bb box_shadow_color=\u00bb#1088d3&#8243;]<\/p>\n<p>&nbsp;<\/p>\n<p>[\/et_pb_image][et_pb_text _builder_version=\u00bb3.2.1&#8243; text_font=\u00bbAdvent Pro||||||||\u00bb text_font_size=\u00bb20px\u00bb text_font_size_phone=\u00bb23px\u00bb text_font_size_last_edited=\u00bbon|phone\u00bb text_orientation=\u00bbcenter\u00bb custom_padding=\u00bb||15%|\u00bb]<\/p>\n<p style=\"text-align: center;\">Gomas de borrar<\/p>\n<p>[\/et_pb_text][\/et_pb_column][et_pb_column type=\u00bb1_4&#8243;][et_pb_image src=\u00bbhttp:\/\/www.grupomananes.com\/libreria\/wp-content\/uploads\/2018\/05\/afilalapices-1.jpg\u00bb _builder_version=\u00bb3.2.1&#8243; border_color_all=\u00bb#1088d3&#8243; box_shadow_style=\u00bbpreset1&#8243; box_shadow_spread=\u00bb-5px\u00bb box_shadow_color=\u00bb#1088d3&#8243;]<\/p>\n<p>&nbsp;<\/p>\n<p>[\/et_pb_image][et_pb_text _builder_version=\u00bb3.2.1&#8243; text_font=\u00bbAdvent Pro||||||||\u00bb text_font_size=\u00bb20px\u00bb text_font_size_phone=\u00bb23px\u00bb text_font_size_last_edited=\u00bbon|phone\u00bb text_orientation=\u00bbcenter\u00bb custom_padding=\u00bb||15%|\u00bb]<\/p>\n<p style=\"text-align: center;\">Afilal\u00e1pices<\/p>\n<p>[\/et_pb_text][\/et_pb_column][et_pb_column type=\u00bb1_4&#8243;][et_pb_image src=\u00bbhttp:\/\/www.grupomananes.com\/libreria\/wp-content\/uploads\/2018\/05\/lapices.png\u00bb _builder_version=\u00bb3.2.1&#8243; border_color_all=\u00bb#1088d3&#8243; box_shadow_style=\u00bbpreset1&#8243; box_shadow_spread=\u00bb-5px\u00bb box_shadow_color=\u00bb#1088d3&#8243;]<\/p>\n<p>&nbsp;<\/p>\n<p>[\/et_pb_image][et_pb_text _builder_version=\u00bb3.2.1&#8243; text_font=\u00bbAdvent Pro||||||||\u00bb text_font_size=\u00bb20px\u00bb text_font_size_phone=\u00bb23px\u00bb text_font_size_last_edited=\u00bbon|phone\u00bb text_orientation=\u00bbcenter\u00bb custom_padding=\u00bb||15%|\u00bb]<\/p>\n<p style=\"text-align: center;\">L\u00e1pices<\/p>\n<p>[\/et_pb_text][\/et_pb_column][\/et_pb_row][et_pb_row use_custom_gutter=\u00bbon\u00bb _builder_version=\u00bb3.2.1&#8243; background_size=\u00bbinitial\u00bb background_position=\u00bbtop_left\u00bb background_repeat=\u00bbrepeat\u00bb custom_margin=\u00bb||-3%|\u00bb][et_pb_column type=\u00bb1_4&#8243;][et_pb_image src=\u00bbhttp:\/\/www.grupomananes.com\/libreria\/wp-content\/uploads\/2018\/05\/Lapices-de-colores.jpg\u00bb _builder_version=\u00bb3.2.1&#8243; border_color_all=\u00bb#1088d3&#8243; box_shadow_style=\u00bbpreset1&#8243; box_shadow_spread=\u00bb-5px\u00bb box_shadow_color=\u00bb#1088d3&#8243;]<\/p>\n<p>&nbsp;<\/p>\n<p>[\/et_pb_image][et_pb_text _builder_version=\u00bb3.2.1&#8243; text_font=\u00bbAdvent Pro||||||||\u00bb text_font_size=\u00bb20px\u00bb text_font_size_phone=\u00bb23px\u00bb text_font_size_last_edited=\u00bbon|phone\u00bb text_orientation=\u00bbcenter\u00bb custom_padding=\u00bb||15%|\u00bb]<\/p>\n<p style=\"text-align: center;\">L\u00e1pices de colores<\/p>\n<p>[\/et_pb_text][\/et_pb_column][et_pb_column type=\u00bb1_4&#8243;][et_pb_image src=\u00bbhttp:\/\/www.grupomananes.com\/libreria\/wp-content\/uploads\/2018\/05\/Portaminas.png\u00bb _builder_version=\u00bb3.2.1&#8243; border_color_all=\u00bb#1088d3&#8243; box_shadow_style=\u00bbpreset1&#8243; box_shadow_spread=\u00bb-5px\u00bb box_shadow_color=\u00bb#1088d3&#8243;]<\/p>\n<p>&nbsp;<\/p>\n<p>[\/et_pb_image][et_pb_text _builder_version=\u00bb3.2.1&#8243; text_font=\u00bbAdvent Pro||||||||\u00bb text_font_size=\u00bb20px\u00bb text_font_size_phone=\u00bb23px\u00bb text_font_size_last_edited=\u00bbon|phone\u00bb text_orientation=\u00bbcenter\u00bb custom_padding=\u00bb||15%|\u00bb]<\/p>\n<p style=\"text-align: center;\">Portaminas<\/p>\n<p>[\/et_pb_text][\/et_pb_column][et_pb_column type=\u00bb1_4&#8243;][et_pb_image src=\u00bbhttp:\/\/www.grupomananes.com\/libreria\/wp-content\/uploads\/2018\/05\/Boligrafos.png\u00bb _builder_version=\u00bb3.2.1&#8243; border_color_all=\u00bb#1088d3&#8243; box_shadow_style=\u00bbpreset1&#8243; box_shadow_spread=\u00bb-5px\u00bb box_shadow_color=\u00bb#1088d3&#8243;]<\/p>\n<p>&nbsp;<\/p>\n<p>[\/et_pb_image][et_pb_text _builder_version=\u00bb3.2.1&#8243; text_font=\u00bbAdvent Pro||||||||\u00bb text_font_size=\u00bb20px\u00bb text_font_size_phone=\u00bb23px\u00bb text_font_size_last_edited=\u00bbon|phone\u00bb text_orientation=\u00bbcenter\u00bb custom_padding=\u00bb||15%|\u00bb]<\/p>\n<p style=\"text-align: center;\">\nBol\u00edgrafos<\/p>\n<p>[\/et_pb_text][\/et_pb_column][et_pb_column type=\u00bb1_4&#8243;][et_pb_image src=\u00bbhttp:\/\/www.grupomananes.com\/libreria\/wp-content\/uploads\/2018\/05\/Rotuladores-de-colores.jpg\u00bb _builder_version=\u00bb3.2.1&#8243; border_color_all=\u00bb#1088d3&#8243; box_shadow_style=\u00bbpreset1&#8243; box_shadow_spread=\u00bb-5px\u00bb box_shadow_color=\u00bb#1088d3&#8243;]<\/p>\n<p>&nbsp;<\/p>\n<p>[\/et_pb_image][et_pb_text _builder_version=\u00bb3.2.1&#8243; text_font=\u00bbAdvent Pro||||||||\u00bb text_font_size=\u00bb20px\u00bb text_font_size_phone=\u00bb23px\u00bb text_font_size_last_edited=\u00bbon|phone\u00bb text_orientation=\u00bbcenter\u00bb custom_margin=\u00bb|||\u00bb custom_padding=\u00bb||15%|\u00bb]<\/p>\n<p style=\"text-align: center;\">Rotuladores de colores<\/p>\n<p>[\/et_pb_text][\/et_pb_column][\/et_pb_row][et_pb_row use_custom_gutter=\u00bbon\u00bb custom_padding=\u00bb2%|||\u00bb custom_margin=\u00bb||0px|\u00bb _builder_version=\u00bb3.2.1&#8243; background_size=\u00bbinitial\u00bb background_position=\u00bbtop_left\u00bb background_repeat=\u00bbrepeat\u00bb][et_pb_column type=\u00bb1_4&#8243;][et_pb_image src=\u00bbhttp:\/\/www.grupomananes.com\/libreria\/wp-content\/uploads\/2018\/05\/Edding.png\u00bb _builder_version=\u00bb3.2.1&#8243; border_color_all=\u00bb#1088d3&#8243; box_shadow_style=\u00bbpreset1&#8243; box_shadow_spread=\u00bb-5px\u00bb box_shadow_color=\u00bb#1088d3&#8243; custom_margin=\u00bb|||\u00bb custom_padding=\u00bb0px|||\u00bb]<\/p>\n<p>&nbsp;<\/p>\n<p>[\/et_pb_image][et_pb_text _builder_version=\u00bb3.2.1&#8243; text_font=\u00bbAdvent Pro||||||||\u00bb text_font_size=\u00bb20px\u00bb text_font_size_phone=\u00bb23px\u00bb text_font_size_last_edited=\u00bbon|phone\u00bb text_orientation=\u00bbcenter\u00bb custom_padding=\u00bb||15%|\u00bb]<\/p>\n<p style=\"text-align: center;\">Edding<\/p>\n<p>[\/et_pb_text][\/et_pb_column][et_pb_column type=\u00bb1_4&#8243;][et_pb_image src=\u00bbhttp:\/\/www.grupomananes.com\/libreria\/wp-content\/uploads\/2018\/05\/Marcadores-fluorescentes.png\u00bb _builder_version=\u00bb3.2.1&#8243; border_color_all=\u00bb#1088d3&#8243; box_shadow_style=\u00bbpreset1&#8243; box_shadow_spread=\u00bb-5px\u00bb box_shadow_color=\u00bb#1088d3&#8243;]<\/p>\n<p>&nbsp;<\/p>\n<p>[\/et_pb_image][et_pb_text _builder_version=\u00bb3.2.1&#8243; text_font=\u00bbAdvent Pro||||||||\u00bb text_font_size=\u00bb20px\u00bb text_font_size_phone=\u00bb23px\u00bb text_font_size_last_edited=\u00bbon|phone\u00bb text_orientation=\u00bbcenter\u00bb custom_padding=\u00bb||15%|\u00bb]<\/p>\n<p style=\"text-align: center;\">Marcadores fluorescentes<\/p>\n<p>[\/et_pb_text][\/et_pb_column][et_pb_column type=\u00bb1_4&#8243;][et_pb_image src=\u00bbhttp:\/\/www.grupomananes.com\/libreria\/wp-content\/uploads\/2018\/05\/Conjuntos-de-escritura.png\u00bb _builder_version=\u00bb3.2.1&#8243; border_color_all=\u00bb#1088d3&#8243; box_shadow_style=\u00bbpreset1&#8243; box_shadow_spread=\u00bb-5px\u00bb box_shadow_color=\u00bb#1088d3&#8243;]<\/p>\n<p>&nbsp;<\/p>\n<p>[\/et_pb_image][et_pb_text _builder_version=\u00bb3.2.1&#8243; text_font=\u00bbAdvent Pro||||||||\u00bb text_font_size=\u00bb20px\u00bb text_font_size_phone=\u00bb23px\u00bb text_font_size_last_edited=\u00bbon|phone\u00bb text_orientation=\u00bbcenter\u00bb custom_padding=\u00bb||15%|\u00bb]<\/p>\n<p style=\"text-align: center;\">Conjuntos de escritura<\/p>\n<p>[\/et_pb_text][\/et_pb_column][et_pb_column type=\u00bb1_4&#8243;][et_pb_image src=\u00bbhttp:\/\/www.grupomananes.com\/libreria\/wp-content\/uploads\/2018\/05\/Recambios-para-boligrafos.jpg\u00bb _builder_version=\u00bb3.2.1&#8243; border_color_all=\u00bb#1088d3&#8243; box_shadow_style=\u00bbpreset1&#8243; box_shadow_spread=\u00bb-5px\u00bb box_shadow_color=\u00bb#1088d3&#8243;]<\/p>\n<p>&nbsp;<\/p>\n<p>[\/et_pb_image][et_pb_text _builder_version=\u00bb3.2.1&#8243; text_font=\u00bbAdvent Pro||||||||\u00bb text_font_size=\u00bb20px\u00bb text_font_size_phone=\u00bb23px\u00bb text_font_size_last_edited=\u00bbon|phone\u00bb text_orientation=\u00bbcenter\u00bb custom_padding=\u00bb||15%|\u00bb]<\/p>\n<p style=\"text-align: center;\">Recambios para bol\u00edgrafos<\/p>\n<p>[\/et_pb_text][\/et_pb_column][\/et_pb_row][\/et_pb_section]<\/p>\n","protected":false},"excerpt":{"rendered":"<p>Escritura y correcci\u00f3n\u00a0 &nbsp; Correctores &nbsp; Gomas de borrar &nbsp; Afilal\u00e1pices &nbsp; L\u00e1pices &nbsp; L\u00e1pices de colores &nbsp; Portaminas &nbsp; Bol\u00edgrafos &nbsp; Rotuladores de colores &nbsp; Edding &nbsp; Marcadores fluorescentes &nbsp; Conjuntos de escritura &nbsp; Recambios para bol\u00edgrafos<\/p>\n","protected":false},"author":1,"featured_media":0,"parent":0,"menu_order":0,"comment_status":"closed","ping_status":"closed","template":"","meta":{"_et_pb_use_builder":"on","_et_pb_old_content":"","_et_gb_content_width":"","footnotes":""},"_links":{"self":[{"href":"https:\/\/www.grupomananes.com\/libreria\/wp-json\/wp\/v2\/pages\/401"}],"collection":[{"href":"https:\/\/www.grupomananes.com\/libreria\/wp-json\/wp\/v2\/pages"}],"about":[{"href":"https:\/\/www.grupomananes.com\/libreria\/wp-json\/wp\/v2\/types\/page"}],"author":[{"embeddable":true,"href":"https:\/\/www.grupomananes.com\/libreria\/wp-json\/wp\/v2\/users\/1"}],"replies":[{"embeddable":true,"href":"https:\/\/www.grupomananes.com\/libreria\/wp-json\/wp\/v2\/comments?post=401"}],"version-history":[{"count":3,"href":"https:\/\/www.grupomananes.com\/libreria\/wp-json\/wp\/v2\/pages\/401\/revisions"}],"predecessor-version":[{"id":419,"href":"https:\/\/www.grupomananes.com\/libreria\/wp-json\/wp\/v2\/pages\/401\/revisions\/419"}],"wp:attachment":[{"href":"https:\/\/www.grupomananes.com\/libreria\/wp-json\/wp\/v2\/media?parent=401"}],"curies":[{"name":"wp","href":"https:\/\/api.w.org\/{rel}","templated":true}]}}