{"id":442,"date":"2018-05-05T13:30:39","date_gmt":"2018-05-05T13:30:39","guid":{"rendered":"https:\/\/grupomananes.com\/wpl\/?page_id=442"},"modified":"2019-08-29T11:34:16","modified_gmt":"2019-08-29T11:34:16","slug":"clasificacion-y-archivo","status":"publish","type":"page","link":"https:\/\/www.grupomananes.com\/libreria\/clasificacion-y-archivo\/","title":{"rendered":"Clasificaci\u00f3n y archivo"},"content":{"rendered":"<p>[et_pb_section fb_built=\u00bb1&#8243; _builder_version=\u00bb3.22&#8243; custom_padding=\u00bb||1px|\u00bb][et_pb_row _builder_version=\u00bb3.25&#8243; background_size=\u00bbinitial\u00bb background_position=\u00bbtop_left\u00bb background_repeat=\u00bbrepeat\u00bb][et_pb_column type=\u00bb4_4&#8243; _builder_version=\u00bb3.25&#8243; custom_padding=\u00bb|||\u00bb custom_padding__hover=\u00bb|||\u00bb][et_pb_text _builder_version=\u00bb3.2.1&#8243; text_font=\u00bbAdvent Pro||||||||\u00bb text_text_color=\u00bb#1088d3&#8243; text_font_size=\u00bb30px\u00bb text_font_size_phone=\u00bb33px\u00bb text_font_size_last_edited=\u00bbon|tablet\u00bb]<span class=\"fs28 cf3 ff1\">Clasificaci\u00f3n y archivo\u00a0<\/span><br \/>\n[\/et_pb_text][\/et_pb_column][\/et_pb_row][\/et_pb_section][et_pb_section fb_built=\u00bb1&#8243; _builder_version=\u00bb3.22&#8243;][et_pb_row use_custom_gutter=\u00bbon\u00bb _builder_version=\u00bb3.25&#8243; background_size=\u00bbinitial\u00bb background_position=\u00bbtop_left\u00bb background_repeat=\u00bbrepeat\u00bb custom_margin=\u00bb||-35px|\u00bb custom_padding=\u00bb|||\u00bb column_structure=\u00bb1_4,1_4,1_4,1_4&#8243;][et_pb_column type=\u00bb1_4&#8243; _builder_version=\u00bb3.25&#8243; custom_padding=\u00bb|||\u00bb custom_padding__hover=\u00bb|||\u00bb][et_pb_image src=\u00bbhttp:\/\/www.grupomananes.com\/libreria\/wp-content\/uploads\/2018\/05\/Archivadores.jpg\u00bb align_tablet=\u00bbcenter\u00bb align_last_edited=\u00bbon|desktop\u00bb _builder_version=\u00bb3.23&#8243; border_color_all=\u00bb#1088d3&#8243; box_shadow_style=\u00bbpreset1&#8243; box_shadow_spread=\u00bb-5px\u00bb box_shadow_color=\u00bb#1088d3&#8243;]&nbsp;<br \/>\n[\/et_pb_image][et_pb_text _builder_version=\u00bb3.2.1&#8243; text_font=\u00bbAdvent Pro||||||||\u00bb text_font_size=\u00bb20px\u00bb text_orientation=\u00bbcenter\u00bb custom_padding=\u00bb||15%|\u00bb text_font_size_phone=\u00bb23px\u00bb text_font_size_last_edited=\u00bbon|phone\u00bb]<\/p>\n<p style=\"text-align: center;\">Archivadores<\/p>\n<p>[\/et_pb_text][\/et_pb_column][et_pb_column type=\u00bb1_4&#8243; _builder_version=\u00bb3.25&#8243; custom_padding=\u00bb|||\u00bb custom_padding__hover=\u00bb|||\u00bb][et_pb_image src=\u00bbhttp:\/\/www.grupomananes.com\/libreria\/wp-content\/uploads\/2018\/05\/Modulos-de-carpetas.jpg\u00bb align_tablet=\u00bbcenter\u00bb align_last_edited=\u00bbon|desktop\u00bb _builder_version=\u00bb3.23&#8243; border_color_all=\u00bb#1088d3&#8243; box_shadow_style=\u00bbpreset1&#8243; box_shadow_spread=\u00bb-5px\u00bb box_shadow_color=\u00bb#1088d3&#8243;]&nbsp;<br \/>\n[\/et_pb_image][et_pb_text _builder_version=\u00bb3.2.1&#8243; text_font=\u00bbAdvent Pro||||||||\u00bb text_font_size=\u00bb20px\u00bb text_orientation=\u00bbcenter\u00bb custom_padding=\u00bb||15%|\u00bb text_font_size_phone=\u00bb23px\u00bb text_font_size_last_edited=\u00bbon|phone\u00bb]<\/p>\n<p style=\"text-align: center;\">M\u00f3dulos de carpetas<\/p>\n<p>[\/et_pb_text][\/et_pb_column][et_pb_column type=\u00bb1_4&#8243; _builder_version=\u00bb3.25&#8243; custom_padding=\u00bb|||\u00bb custom_padding__hover=\u00bb|||\u00bb][et_pb_image src=\u00bbhttp:\/\/www.grupomananes.com\/libreria\/wp-content\/uploads\/2018\/05\/Separadores.jpg\u00bb align_tablet=\u00bbcenter\u00bb align_last_edited=\u00bbon|desktop\u00bb _builder_version=\u00bb3.23&#8243; border_color_all=\u00bb#1088d3&#8243; box_shadow_style=\u00bbpreset1&#8243; box_shadow_spread=\u00bb-5px\u00bb box_shadow_color=\u00bb#1088d3&#8243;]&nbsp;<br \/>\n[\/et_pb_image][et_pb_text _builder_version=\u00bb3.2.1&#8243; text_font=\u00bbAdvent Pro||||||||\u00bb text_font_size=\u00bb20px\u00bb text_orientation=\u00bbcenter\u00bb custom_padding=\u00bb||15%|\u00bb text_font_size_phone=\u00bb23px\u00bb text_font_size_last_edited=\u00bbon|phone\u00bb]<\/p>\n<p style=\"text-align: center;\">Separadores<\/p>\n<p>[\/et_pb_text][\/et_pb_column][et_pb_column type=\u00bb1_4&#8243; _builder_version=\u00bb3.25&#8243; custom_padding=\u00bb|||\u00bb custom_padding__hover=\u00bb|||\u00bb][et_pb_image src=\u00bbhttp:\/\/www.grupomananes.com\/libreria\/wp-content\/uploads\/2018\/05\/Fundas-PVC-Polipropileno.jpg\u00bb align_tablet=\u00bbcenter\u00bb align_last_edited=\u00bbon|desktop\u00bb _builder_version=\u00bb3.23&#8243; border_color_all=\u00bb#1088d3&#8243; box_shadow_style=\u00bbpreset1&#8243; box_shadow_spread=\u00bb-5px\u00bb box_shadow_color=\u00bb#1088d3&#8243;]&nbsp;<br \/>\n[\/et_pb_image][et_pb_text _builder_version=\u00bb3.2.1&#8243; text_font=\u00bbAdvent Pro||||||||\u00bb text_font_size=\u00bb20px\u00bb text_orientation=\u00bbcenter\u00bb custom_padding=\u00bb||15%|\u00bb text_font_size_phone=\u00bb23px\u00bb text_font_size_last_edited=\u00bbon|phone\u00bb]<\/p>\n<p style=\"text-align: center;\">Fundas PVC \/ Polipropileno<\/p>\n<p>[\/et_pb_text][\/et_pb_column][\/et_pb_row][et_pb_row use_custom_gutter=\u00bbon\u00bb _builder_version=\u00bb3.25&#8243; background_size=\u00bbinitial\u00bb background_position=\u00bbtop_left\u00bb background_repeat=\u00bbrepeat\u00bb custom_margin=\u00bb||0px|\u00bb custom_padding=\u00bb2%||0||false|false\u00bb column_structure=\u00bb1_4,1_4,1_4,1_4&#8243;][et_pb_column type=\u00bb1_4&#8243; _builder_version=\u00bb3.25&#8243; custom_padding=\u00bb|||\u00bb custom_padding__hover=\u00bb|||\u00bb][et_pb_image src=\u00bbhttp:\/\/www.grupomananes.com\/libreria\/wp-content\/uploads\/2018\/05\/Sobres-de-plastico.jpg\u00bb align_tablet=\u00bbcenter\u00bb align_last_edited=\u00bbon|desktop\u00bb _builder_version=\u00bb3.23&#8243; border_color_all=\u00bb#1088d3&#8243; box_shadow_style=\u00bbpreset1&#8243; box_shadow_spread=\u00bb-5px\u00bb box_shadow_color=\u00bb#1088d3&#8243;]&nbsp;<br \/>\n[\/et_pb_image][et_pb_text _builder_version=\u00bb3.2.1&#8243; text_font=\u00bbAdvent Pro||||||||\u00bb text_font_size=\u00bb20px\u00bb text_orientation=\u00bbcenter\u00bb custom_padding=\u00bb||15%|\u00bb text_font_size_phone=\u00bb23px\u00bb text_font_size_last_edited=\u00bbon|phone\u00bb]<\/p>\n<p style=\"text-align: center;\">Sobres de pl\u00e1stico<\/p>\n<p>[\/et_pb_text][\/et_pb_column][et_pb_column type=\u00bb1_4&#8243; _builder_version=\u00bb3.25&#8243; custom_padding=\u00bb|||\u00bb custom_padding__hover=\u00bb|||\u00bb][et_pb_image src=\u00bbhttp:\/\/www.grupomananes.com\/libreria\/wp-content\/uploads\/2018\/05\/Dossiers-unero.jpg\u00bb align_tablet=\u00bbcenter\u00bb align_last_edited=\u00bbon|desktop\u00bb _builder_version=\u00bb3.23&#8243; border_color_all=\u00bb#1088d3&#8243; box_shadow_style=\u00bbpreset1&#8243; box_shadow_spread=\u00bb-5px\u00bb box_shadow_color=\u00bb#1088d3&#8243;]&nbsp;<br \/>\n[\/et_pb_image][et_pb_text _builder_version=\u00bb3.2.1&#8243; text_font=\u00bbAdvent Pro||||||||\u00bb text_font_size=\u00bb20px\u00bb text_orientation=\u00bbcenter\u00bb custom_padding=\u00bb||15%|\u00bb text_font_size_phone=\u00bb23px\u00bb text_font_size_last_edited=\u00bbon|phone\u00bb]<\/p>\n<p style=\"text-align: center;\">Dossiers u\u00f1ero<\/p>\n<p>[\/et_pb_text][\/et_pb_column][et_pb_column type=\u00bb1_4&#8243; _builder_version=\u00bb3.25&#8243; custom_padding=\u00bb|||\u00bb custom_padding__hover=\u00bb|||\u00bb][et_pb_image src=\u00bbhttp:\/\/www.grupomananes.com\/libreria\/wp-content\/uploads\/2018\/05\/Dossiers-de-presentacion.jpg\u00bb align_tablet=\u00bbcenter\u00bb align_last_edited=\u00bbon|desktop\u00bb _builder_version=\u00bb3.23&#8243; border_color_all=\u00bb#1088d3&#8243; box_shadow_style=\u00bbpreset1&#8243; box_shadow_spread=\u00bb-5px\u00bb box_shadow_color=\u00bb#1088d3&#8243;]&nbsp;<br \/>\n[\/et_pb_image][et_pb_text _builder_version=\u00bb3.2.1&#8243; text_font=\u00bbAdvent Pro||||||||\u00bb text_font_size=\u00bb20px\u00bb text_orientation=\u00bbcenter\u00bb custom_padding=\u00bb||15%|\u00bb text_font_size_phone=\u00bb23px\u00bb text_font_size_last_edited=\u00bbon|phone\u00bb]<\/p>\n<p style=\"text-align: center;\">Dossiers de presentaci\u00f3n<\/p>\n<p>[\/et_pb_text][\/et_pb_column][et_pb_column type=\u00bb1_4&#8243; _builder_version=\u00bb3.25&#8243; custom_padding=\u00bb|||\u00bb custom_padding__hover=\u00bb|||\u00bb][et_pb_image src=\u00bbhttp:\/\/www.grupomananes.com\/libreria\/wp-content\/uploads\/2018\/05\/Dossiers-con-fastener.jpg\u00bb align_tablet=\u00bbcenter\u00bb align_last_edited=\u00bbon|desktop\u00bb _builder_version=\u00bb3.23&#8243; border_color_all=\u00bb#1088d3&#8243; box_shadow_style=\u00bbpreset1&#8243; box_shadow_spread=\u00bb-5px\u00bb box_shadow_color=\u00bb#1088d3&#8243;]&nbsp;<br \/>\n[\/et_pb_image][et_pb_text _builder_version=\u00bb3.2.1&#8243; text_font=\u00bbAdvent Pro||||||||\u00bb text_font_size=\u00bb20px\u00bb text_orientation=\u00bbcenter\u00bb custom_padding=\u00bb||15%|\u00bb text_font_size_phone=\u00bb23px\u00bb text_font_size_last_edited=\u00bbon|phone\u00bb]<\/p>\n<p style=\"text-align: center;\">Dossiers con fastener<\/p>\n<p>[\/et_pb_text][\/et_pb_column][\/et_pb_row][et_pb_row use_custom_gutter=\u00bbon\u00bb _builder_version=\u00bb3.25&#8243; background_size=\u00bbinitial\u00bb background_position=\u00bbtop_left\u00bb background_repeat=\u00bbrepeat\u00bb custom_margin=\u00bb||-3%|\u00bb column_structure=\u00bb1_4,1_4,1_4,1_4&#8243;][et_pb_column type=\u00bb1_4&#8243; _builder_version=\u00bb3.25&#8243; custom_padding=\u00bb|||\u00bb custom_padding__hover=\u00bb|||\u00bb][et_pb_image src=\u00bbhttp:\/\/www.grupomananes.com\/libreria\/wp-content\/uploads\/2018\/05\/Dossiers-con-pinza.jpg\u00bb align_tablet=\u00bbcenter\u00bb align_last_edited=\u00bbon|desktop\u00bb _builder_version=\u00bb3.23&#8243; border_color_all=\u00bb#1088d3&#8243; box_shadow_style=\u00bbpreset1&#8243; box_shadow_spread=\u00bb-5px\u00bb box_shadow_color=\u00bb#1088d3&#8243;]&nbsp;<br \/>\n[\/et_pb_image][et_pb_text _builder_version=\u00bb3.2.1&#8243; text_font=\u00bbAdvent Pro||||||||\u00bb text_font_size=\u00bb20px\u00bb text_orientation=\u00bbcenter\u00bb custom_padding=\u00bb||15%|\u00bb text_font_size_phone=\u00bb23px\u00bb text_font_size_last_edited=\u00bbon|phone\u00bb]<\/p>\n<p style=\"text-align: center;\">Dossiers con pinza<\/p>\n<p>[\/et_pb_text][\/et_pb_column][et_pb_column type=\u00bb1_4&#8243; _builder_version=\u00bb3.25&#8243; custom_padding=\u00bb|||\u00bb custom_padding__hover=\u00bb|||\u00bb][et_pb_image src=\u00bbhttp:\/\/www.grupomananes.com\/libreria\/wp-content\/uploads\/2018\/05\/Subcarpetas.jpg\u00bb align_tablet=\u00bbcenter\u00bb align_last_edited=\u00bbon|desktop\u00bb _builder_version=\u00bb3.23&#8243; border_color_all=\u00bb#1088d3&#8243; box_shadow_style=\u00bbpreset1&#8243; box_shadow_spread=\u00bb-5px\u00bb box_shadow_color=\u00bb#1088d3&#8243;]&nbsp;<br \/>\n[\/et_pb_image][et_pb_text _builder_version=\u00bb3.2.1&#8243; text_font=\u00bbAdvent Pro||||||||\u00bb text_font_size=\u00bb20px\u00bb text_orientation=\u00bbcenter\u00bb custom_padding=\u00bb||15%|\u00bb text_font_size_phone=\u00bb23px\u00bb text_font_size_last_edited=\u00bbon|phone\u00bb]<\/p>\n<p style=\"text-align: center;\">Subcarpetas<\/p>\n<p>[\/et_pb_text][\/et_pb_column][et_pb_column type=\u00bb1_4&#8243; _builder_version=\u00bb3.25&#8243; custom_padding=\u00bb|||\u00bb custom_padding__hover=\u00bb|||\u00bb][et_pb_image src=\u00bbhttp:\/\/www.grupomananes.com\/libreria\/wp-content\/uploads\/2018\/05\/Carpetas-de-gomas.jpg\u00bb align_tablet=\u00bbcenter\u00bb align_last_edited=\u00bbon|desktop\u00bb _builder_version=\u00bb3.23&#8243; border_color_all=\u00bb#1088d3&#8243; box_shadow_style=\u00bbpreset1&#8243; box_shadow_spread=\u00bb-5px\u00bb box_shadow_color=\u00bb#1088d3&#8243;]&nbsp;<br \/>\n[\/et_pb_image][et_pb_text _builder_version=\u00bb3.2.1&#8243; text_font=\u00bbAdvent Pro||||||||\u00bb text_font_size=\u00bb20px\u00bb text_orientation=\u00bbcenter\u00bb custom_margin=\u00bb|||\u00bb custom_padding=\u00bb||15%|\u00bb text_font_size_phone=\u00bb23px\u00bb text_font_size_last_edited=\u00bbon|phone\u00bb]<\/p>\n<p style=\"text-align: center;\">Carpetas de gomas<\/p>\n<p>[\/et_pb_text][\/et_pb_column][et_pb_column type=\u00bb1_4&#8243; _builder_version=\u00bb3.25&#8243; custom_padding=\u00bb|||\u00bb custom_padding__hover=\u00bb|||\u00bb][et_pb_image src=\u00bbhttp:\/\/www.grupomananes.com\/libreria\/wp-content\/uploads\/2018\/05\/Carpetas-acordeon.jpg\u00bb align_tablet=\u00bbcenter\u00bb align_last_edited=\u00bbon|desktop\u00bb _builder_version=\u00bb3.23&#8243; border_color_all=\u00bb#1088d3&#8243; box_shadow_style=\u00bbpreset1&#8243; box_shadow_spread=\u00bb-5px\u00bb box_shadow_color=\u00bb#1088d3&#8243; custom_margin=\u00bb|||\u00bb custom_padding=\u00bb0px|||\u00bb]&nbsp;<br \/>\n[\/et_pb_image][et_pb_text _builder_version=\u00bb3.2.1&#8243; text_font=\u00bbAdvent Pro||||||||\u00bb text_font_size=\u00bb20px\u00bb text_orientation=\u00bbcenter\u00bb custom_padding=\u00bb||15%|\u00bb text_font_size_phone=\u00bb23px\u00bb text_font_size_last_edited=\u00bbon|phone\u00bb]<\/p>\n<p style=\"text-align: center;\">Carpetas acorde\u00f3n<\/p>\n<p>[\/et_pb_text][\/et_pb_column][\/et_pb_row][et_pb_row use_custom_gutter=\u00bbon\u00bb _builder_version=\u00bb3.25&#8243; background_size=\u00bbinitial\u00bb background_position=\u00bbtop_left\u00bb background_repeat=\u00bbrepeat\u00bb custom_margin=\u00bb||-3%|\u00bb column_structure=\u00bb1_4,1_4,1_4,1_4&#8243;][et_pb_column type=\u00bb1_4&#8243; _builder_version=\u00bb3.25&#8243; custom_padding=\u00bb|||\u00bb custom_padding__hover=\u00bb|||\u00bb][et_pb_image src=\u00bbhttp:\/\/www.grupomananes.com\/libreria\/wp-content\/uploads\/2018\/05\/Carpetas-de-proyectos.jpg\u00bb align_tablet=\u00bbcenter\u00bb align_last_edited=\u00bbon|desktop\u00bb _builder_version=\u00bb3.23&#8243; border_color_all=\u00bb#1088d3&#8243; box_shadow_style=\u00bbpreset1&#8243; box_shadow_spread=\u00bb-5px\u00bb box_shadow_color=\u00bb#1088d3&#8243;]&nbsp;<br \/>\n[\/et_pb_image][et_pb_text _builder_version=\u00bb3.2.1&#8243; text_font=\u00bbAdvent Pro||||||||\u00bb text_font_size=\u00bb20px\u00bb text_orientation=\u00bbcenter\u00bb custom_padding=\u00bb||15%|\u00bb text_font_size_phone=\u00bb23px\u00bb text_font_size_last_edited=\u00bbon|phone\u00bb]<\/p>\n<p style=\"text-align: center;\">Carpetas de proyectos<\/p>\n<p>[\/et_pb_text][\/et_pb_column][et_pb_column type=\u00bb1_4&#8243; _builder_version=\u00bb3.25&#8243; custom_padding=\u00bb|||\u00bb custom_padding__hover=\u00bb|||\u00bb][et_pb_image src=\u00bbhttp:\/\/www.grupomananes.com\/libreria\/wp-content\/uploads\/2018\/05\/Archivos-definitivos.jpg\u00bb align_tablet=\u00bbcenter\u00bb align_last_edited=\u00bbon|desktop\u00bb _builder_version=\u00bb3.23&#8243; border_color_all=\u00bb#1088d3&#8243; box_shadow_style=\u00bbpreset1&#8243; box_shadow_spread=\u00bb-5px\u00bb box_shadow_color=\u00bb#1088d3&#8243;]&nbsp;<br \/>\n[\/et_pb_image][et_pb_text _builder_version=\u00bb3.2.1&#8243; text_font=\u00bbAdvent Pro||||||||\u00bb text_font_size=\u00bb20px\u00bb text_orientation=\u00bbcenter\u00bb custom_padding=\u00bb||15%|\u00bb text_font_size_phone=\u00bb23px\u00bb text_font_size_last_edited=\u00bbon|phone\u00bb]<\/p>\n<p style=\"text-align: center;\">Archivos definitivos<\/p>\n<p>[\/et_pb_text][\/et_pb_column][et_pb_column type=\u00bb1_4&#8243; _builder_version=\u00bb3.25&#8243; custom_padding=\u00bb|||\u00bb custom_padding__hover=\u00bb|||\u00bb][et_pb_image src=\u00bbhttp:\/\/www.grupomananes.com\/libreria\/wp-content\/uploads\/2018\/05\/Carpetas-colgantes.jpg\u00bb align_tablet=\u00bbcenter\u00bb align_last_edited=\u00bbon|desktop\u00bb _builder_version=\u00bb3.23&#8243; border_color_all=\u00bb#1088d3&#8243; box_shadow_style=\u00bbpreset1&#8243; box_shadow_spread=\u00bb-5px\u00bb box_shadow_color=\u00bb#1088d3&#8243;]&nbsp;<br \/>\n[\/et_pb_image][et_pb_text _builder_version=\u00bb3.2.1&#8243; text_font=\u00bbAdvent Pro||||||||\u00bb text_font_size=\u00bb20px\u00bb text_orientation=\u00bbcenter\u00bb custom_margin=\u00bb|||\u00bb custom_padding=\u00bb||15%|\u00bb text_font_size_phone=\u00bb23px\u00bb text_font_size_last_edited=\u00bbon|phone\u00bb]<\/p>\n<p style=\"text-align: center;\">Carpetas colgantes<\/p>\n<p>[\/et_pb_text][\/et_pb_column][et_pb_column type=\u00bb1_4&#8243; _builder_version=\u00bb3.25&#8243; custom_padding=\u00bb|||\u00bb custom_padding__hover=\u00bb|||\u00bb][et_pb_image src=\u00bbhttp:\/\/www.grupomananes.com\/libreria\/wp-content\/uploads\/2018\/05\/fichero.jpg\u00bb align_tablet=\u00bbcenter\u00bb align_last_edited=\u00bbon|desktop\u00bb _builder_version=\u00bb3.23&#8243; border_color_all=\u00bb#1088d3&#8243; box_shadow_style=\u00bbpreset1&#8243; box_shadow_spread=\u00bb-5px\u00bb box_shadow_color=\u00bb#1088d3&#8243; custom_margin=\u00bb|||\u00bb custom_padding=\u00bb0px|||\u00bb]&nbsp;<br \/>\n[\/et_pb_image][et_pb_text _builder_version=\u00bb3.2.1&#8243; text_font=\u00bbAdvent Pro||||||||\u00bb text_font_size=\u00bb20px\u00bb text_orientation=\u00bbcenter\u00bb custom_padding=\u00bb||15%|\u00bb text_font_size_phone=\u00bb23px\u00bb text_font_size_last_edited=\u00bbon|phone\u00bb]<\/p>\n<p style=\"text-align: center;\">Ficheros<\/p>\n<p>[\/et_pb_text][\/et_pb_column][\/et_pb_row][et_pb_row use_custom_gutter=\u00bbon\u00bb _builder_version=\u00bb3.25&#8243; background_size=\u00bbinitial\u00bb background_position=\u00bbtop_left\u00bb background_repeat=\u00bbrepeat\u00bb custom_margin=\u00bb||-3%|\u00bb column_structure=\u00bb1_4,1_4,1_4,1_4&#8243;][et_pb_column type=\u00bb1_4&#8243; _builder_version=\u00bb3.25&#8243; custom_padding=\u00bb|||\u00bb custom_padding__hover=\u00bb|||\u00bb][et_pb_image src=\u00bbhttp:\/\/www.grupomananes.com\/libreria\/wp-content\/uploads\/2018\/05\/abecedarios-separadores.jpg\u00bb align_tablet=\u00bbcenter\u00bb align_last_edited=\u00bbon|desktop\u00bb _builder_version=\u00bb3.23&#8243; border_color_all=\u00bb#1088d3&#8243; box_shadow_style=\u00bbpreset1&#8243; box_shadow_spread=\u00bb-5px\u00bb box_shadow_color=\u00bb#1088d3&#8243;]&nbsp;<br \/>\n[\/et_pb_image][et_pb_text _builder_version=\u00bb3.2.1&#8243; text_font=\u00bbAdvent Pro||||||||\u00bb text_font_size=\u00bb20px\u00bb text_orientation=\u00bbcenter\u00bb custom_padding=\u00bb||15%|\u00bb text_font_size_phone=\u00bb23px\u00bb text_font_size_last_edited=\u00bbon|phone\u00bb]<\/p>\n<p style=\"text-align: center;\">Abecedarios separadores<\/p>\n<p>[\/et_pb_text][\/et_pb_column][et_pb_column type=\u00bb1_4&#8243; _builder_version=\u00bb3.25&#8243; custom_padding=\u00bb|||\u00bb custom_padding__hover=\u00bb|||\u00bb][et_pb_image src=\u00bbhttp:\/\/www.grupomananes.com\/libreria\/wp-content\/uploads\/2018\/05\/tarjetero.jpg\u00bb align_tablet=\u00bbcenter\u00bb align_last_edited=\u00bbon|desktop\u00bb _builder_version=\u00bb3.23&#8243; border_color_all=\u00bb#1088d3&#8243; box_shadow_style=\u00bbpreset1&#8243; box_shadow_spread=\u00bb-5px\u00bb box_shadow_color=\u00bb#1088d3&#8243;]&nbsp;<br \/>\n[\/et_pb_image][et_pb_text _builder_version=\u00bb3.2.1&#8243; text_font=\u00bbAdvent Pro||||||||\u00bb text_font_size=\u00bb20px\u00bb text_orientation=\u00bbcenter\u00bb custom_padding=\u00bb||15%|\u00bb text_font_size_phone=\u00bb23px\u00bb text_font_size_last_edited=\u00bbon|phone\u00bb]<\/p>\n<p style=\"text-align: center;\">Tarjeteros<\/p>\n<p>[\/et_pb_text][\/et_pb_column][et_pb_column type=\u00bb1_4&#8243; _builder_version=\u00bb3.25&#8243; custom_padding=\u00bb|||\u00bb custom_padding__hover=\u00bb|||\u00bb][et_pb_image src=\u00bbhttp:\/\/www.grupomananes.com\/libreria\/wp-content\/uploads\/2018\/05\/Etiquetas-multiuso.png\u00bb align_tablet=\u00bbcenter\u00bb align_last_edited=\u00bbon|desktop\u00bb _builder_version=\u00bb3.23&#8243; border_color_all=\u00bb#1088d3&#8243; box_shadow_style=\u00bbpreset1&#8243; box_shadow_spread=\u00bb-5px\u00bb box_shadow_color=\u00bb#1088d3&#8243; locked=\u00bboff\u00bb]&nbsp;<br \/>\n[\/et_pb_image][et_pb_text _builder_version=\u00bb3.26.7&#8243; text_font=\u00bbAdvent Pro||||||||\u00bb text_font_size=\u00bb20px\u00bb text_orientation=\u00bbcenter\u00bb custom_padding=\u00bb||15%|\u00bb text_font_size_phone=\u00bb23px\u00bb text_font_size_last_edited=\u00bbon|phone\u00bb]<\/p>\n<p style=\"text-align: center;\">Etiquetas multiuso<\/p>\n<p>[\/et_pb_text][\/et_pb_column][et_pb_column type=\u00bb1_4&#8243; _builder_version=\u00bb3.25&#8243; custom_padding=\u00bb|||\u00bb custom_padding__hover=\u00bb|||\u00bb][\/et_pb_column][\/et_pb_row][\/et_pb_section]<\/p>\n","protected":false},"excerpt":{"rendered":"<p>Clasificaci\u00f3n y archivo\u00a0 &nbsp; Archivadores &nbsp; M\u00f3dulos de carpetas &nbsp; Separadores &nbsp; Fundas PVC \/ Polipropileno &nbsp; Sobres de pl\u00e1stico &nbsp; Dossiers u\u00f1ero &nbsp; Dossiers de presentaci\u00f3n &nbsp; Dossiers con fastener &nbsp; Dossiers con pinza &nbsp; Subcarpetas &nbsp; Carpetas de gomas &nbsp; Carpetas acorde\u00f3n &nbsp; Carpetas de proyectos &nbsp; Archivos definitivos &nbsp; Carpetas colgantes &nbsp; [&hellip;]<\/p>\n","protected":false},"author":1,"featured_media":0,"parent":0,"menu_order":0,"comment_status":"closed","ping_status":"closed","template":"","meta":{"_et_pb_use_builder":"on","_et_pb_old_content":"","_et_gb_content_width":"","footnotes":""},"_links":{"self":[{"href":"https:\/\/www.grupomananes.com\/libreria\/wp-json\/wp\/v2\/pages\/442"}],"collection":[{"href":"https:\/\/www.grupomananes.com\/libreria\/wp-json\/wp\/v2\/pages"}],"about":[{"href":"https:\/\/www.grupomananes.com\/libreria\/wp-json\/wp\/v2\/types\/page"}],"author":[{"embeddable":true,"href":"https:\/\/www.grupomananes.com\/libreria\/wp-json\/wp\/v2\/users\/1"}],"replies":[{"embeddable":true,"href":"https:\/\/www.grupomananes.com\/libreria\/wp-json\/wp\/v2\/comments?post=442"}],"version-history":[{"count":4,"href":"https:\/\/www.grupomananes.com\/libreria\/wp-json\/wp\/v2\/pages\/442\/revisions"}],"predecessor-version":[{"id":1284,"href":"https:\/\/www.grupomananes.com\/libreria\/wp-json\/wp\/v2\/pages\/442\/revisions\/1284"}],"wp:attachment":[{"href":"https:\/\/www.grupomananes.com\/libreria\/wp-json\/wp\/v2\/media?parent=442"}],"curies":[{"name":"wp","href":"https:\/\/api.w.org\/{rel}","templated":true}]}}